{"id":16,"date":"2018-02-20T13:24:03","date_gmt":"2018-02-20T12:24:03","guid":{"rendered":"http:\/\/unbarmanchezmoi.fr\/?page_id=16"},"modified":"2019-09-13T12:44:31","modified_gmt":"2019-09-13T10:44:31","slug":"accueil","status":"publish","type":"page","link":"https:\/\/unbarmanchezmoi.fr\/","title":{"rendered":"Accueil"},"content":{"rendered":"\t\t<div data-elementor-type=\"wp-post\" data-elementor-id=\"16\" class=\"elementor elementor-16\" data-elementor-settings=\"[]\">\n\t\t\t\t\t\t<div class=\"elementor-inner\">\n\t\t\t\t\t\t\t<div class=\"elementor-section-wrap\">\n\t\t\t\t\t\t\t<section class=\"elementor-section elementor-top-section elementor-element elementor-element-79c56797 elementor-section-boxed elementor-section-height-default elementor-section-height-default\" data-id=\"79c56797\" data-element_type=\"section\" data-settings=\"{&quot;background_background&quot;:&quot;classic&quot;,&quot;shape_divider_top&quot;:&quot;arrow&quot;}\">\n\t\t\t\t\t<div class=\"elementor-shape elementor-shape-top\" data-negative=\"false\">\n\t\t\t<svg xmlns=\"http:\/\/www.w3.org\/2000\/svg\" viewBox=\"0 0 700 10\" preserveAspectRatio=\"none\">\n\t<path class=\"elementor-shape-fill\" d=\"M350,10L340,0h20L350,10z\"\/>\n<\/svg>\t\t<\/div>\n\t\t\t\t\t<div class=\"elementor-container elementor-column-gap-default\">\n\t\t\t\t\t\t\t<div class=\"elementor-row\">\n\t\t\t\t\t<div class=\"elementor-column elementor-col-100 elementor-top-column elementor-element elementor-element-1ce91a53\" data-id=\"1ce91a53\" data-element_type=\"column\">\n\t\t\t<div class=\"elementor-column-wrap elementor-element-populated\">\n\t\t\t\t\t\t\t<div class=\"elementor-widget-wrap\">\n\t\t\t\t\t\t<div class=\"elementor-element elementor-element-43cbdc3 elementor-widget elementor-widget-spacer\" data-id=\"43cbdc3\" data-element_type=\"widget\" data-widget_type=\"spacer.default\">\n\t\t\t\t<div class=\"elementor-widget-container\">\n\t\t\t\t\t<div class=\"elementor-spacer\">\n\t\t\t<div class=\"elementor-spacer-inner\"><\/div>\n\t\t<\/div>\n\t\t\t\t<\/div>\n\t\t\t\t<\/div>\n\t\t\t\t<div class=\"elementor-element elementor-element-b8fb34d elementor-align-center elementor-widget elementor-widget-button\" data-id=\"b8fb34d\" data-element_type=\"widget\" data-widget_type=\"button.default\">\n\t\t\t\t<div class=\"elementor-widget-container\">\n\t\t\t\t\t<div class=\"elementor-button-wrapper\">\n\t\t\t<a href=\"http:\/\/unbarmanchezmoi.fr\/index.php\/concept\/\" class=\"elementor-button-link elementor-button elementor-size-xl\" role=\"button\">\n\t\t\t\t\t\t<span class=\"elementor-button-content-wrapper\">\n\t\t\t\t\t\t<span class=\"elementor-button-text\">Barman \u00e0 domicile et \u00e9v\u00e9nementiel\u200b<\/span>\n\t\t<\/span>\n\t\t\t\t\t<\/a>\n\t\t<\/div>\n\t\t\t\t<\/div>\n\t\t\t\t<\/div>\n\t\t\t\t<div class=\"elementor-element elementor-element-c7cbcb8 elementor-widget elementor-widget-spacer\" data-id=\"c7cbcb8\" data-element_type=\"widget\" data-widget_type=\"spacer.default\">\n\t\t\t\t<div class=\"elementor-widget-container\">\n\t\t\t\t\t<div class=\"elementor-spacer\">\n\t\t\t<div class=\"elementor-spacer-inner\"><\/div>\n\t\t<\/div>\n\t\t\t\t<\/div>\n\t\t\t\t<\/div>\n\t\t\t\t<div class=\"elementor-element elementor-element-88668fe elementor-align-center elementor-mobile-align-center elementor-widget elementor-widget-button\" data-id=\"88668fe\" data-element_type=\"widget\" data-widget_type=\"button.default\">\n\t\t\t\t<div class=\"elementor-widget-container\">\n\t\t\t\t\t<div class=\"elementor-button-wrapper\">\n\t\t\t<a href=\"http:\/\/unbarmanchezmoi.fr\/index.php\/devis\/\" class=\"elementor-button-link elementor-button elementor-size-lg\" role=\"button\">\n\t\t\t\t\t\t<span class=\"elementor-button-content-wrapper\">\n\t\t\t\t\t\t<span class=\"elementor-button-text\">Devis gratuit<\/span>\n\t\t<\/span>\n\t\t\t\t\t<\/a>\n\t\t<\/div>\n\t\t\t\t<\/div>\n\t\t\t\t<\/div>\n\t\t\t\t<div class=\"elementor-element elementor-element-5fbb2f9 elementor-widget elementor-widget-spacer\" data-id=\"5fbb2f9\" data-element_type=\"widget\" data-widget_type=\"spacer.default\">\n\t\t\t\t<div class=\"elementor-widget-container\">\n\t\t\t\t\t<div class=\"elementor-spacer\">\n\t\t\t<div class=\"elementor-spacer-inner\"><\/div>\n\t\t<\/div>\n\t\t\t\t<\/div>\n\t\t\t\t<\/div>\n\t\t\t\t\t\t<\/div>\n\t\t\t\t\t<\/div>\n\t\t<\/div>\n\t\t\t\t\t\t\t\t<\/div>\n\t\t\t\t\t<\/div>\n\t\t<\/section>\n\t\t\t\t<section class=\"elementor-section elementor-top-section elementor-element elementor-element-7409ef0 elementor-section-boxed elementor-section-height-default elementor-section-height-default\" data-id=\"7409ef0\" data-element_type=\"section\" data-settings=\"{&quot;shape_divider_top&quot;:&quot;arrow&quot;,&quot;background_background&quot;:&quot;classic&quot;}\">\n\t\t\t\t\t<div class=\"elementor-shape elementor-shape-top\" data-negative=\"false\">\n\t\t\t<svg xmlns=\"http:\/\/www.w3.org\/2000\/svg\" viewBox=\"0 0 700 10\" preserveAspectRatio=\"none\">\n\t<path class=\"elementor-shape-fill\" d=\"M350,10L340,0h20L350,10z\"\/>\n<\/svg>\t\t<\/div>\n\t\t\t\t\t<div class=\"elementor-container elementor-column-gap-default\">\n\t\t\t\t\t\t\t<div class=\"elementor-row\">\n\t\t\t\t\t<div class=\"elementor-column elementor-col-100 elementor-top-column elementor-element elementor-element-cd5c493\" data-id=\"cd5c493\" data-element_type=\"column\">\n\t\t\t<div class=\"elementor-column-wrap elementor-element-populated\">\n\t\t\t\t\t\t\t<div class=\"elementor-widget-wrap\">\n\t\t\t\t\t\t<div class=\"elementor-element elementor-element-a7d9e43 elementor-widget elementor-widget-spacer\" data-id=\"a7d9e43\" data-element_type=\"widget\" data-widget_type=\"spacer.default\">\n\t\t\t\t<div class=\"elementor-widget-container\">\n\t\t\t\t\t<div class=\"elementor-spacer\">\n\t\t\t<div class=\"elementor-spacer-inner\"><\/div>\n\t\t<\/div>\n\t\t\t\t<\/div>\n\t\t\t\t<\/div>\n\t\t\t\t<div class=\"elementor-element elementor-element-f6c4101 elementor-widget elementor-widget-heading\" data-id=\"f6c4101\" data-element_type=\"widget\" data-widget_type=\"heading.default\">\n\t\t\t\t<div class=\"elementor-widget-container\">\n\t\t\t<h2 class=\"elementor-heading-title elementor-size-default\"><a href=\"http:\/\/unbarmanchezmoi.fr\/index.php\/concept\/\">Un Barman Chez Moi <\/a><\/h2>\t\t<\/div>\n\t\t\t\t<\/div>\n\t\t\t\t<div class=\"elementor-element elementor-element-49e5d04 elementor-widget elementor-widget-text-editor\" data-id=\"49e5d04\" data-element_type=\"widget\" data-widget_type=\"text-editor.default\">\n\t\t\t\t<div class=\"elementor-widget-container\">\n\t\t\t\t\t\t\t\t<div class=\"elementor-text-editor elementor-clearfix\">\n\t\t\t\t<p>vous propose<strong> une prestation de barman \u00e0 domicile<\/strong> qui vous fera d\u00e9couvrir <strong>des cocktails savoureux et originaux.\u00a0<\/strong><\/p><p><strong>C\u2019est la touche pour faire de vos soir\u00e9es un moment d\u2019exception\u00a0!<\/strong><\/p><p>Votre barman se d\u00e9placent avec son bar lumineux et tous le mat\u00e9riel n\u00e9cessaire.<\/p><p>Nous couvrons tous\u00a0types d&#8217;\u00e9v\u00e9nements, priv\u00e9s ou professionnels.<\/p>\t\t\t\t\t<\/div>\n\t\t\t\t\t\t<\/div>\n\t\t\t\t<\/div>\n\t\t\t\t<div class=\"elementor-element elementor-element-eefa1f4 elementor-widget elementor-widget-spacer\" data-id=\"eefa1f4\" data-element_type=\"widget\" data-widget_type=\"spacer.default\">\n\t\t\t\t<div class=\"elementor-widget-container\">\n\t\t\t\t\t<div class=\"elementor-spacer\">\n\t\t\t<div class=\"elementor-spacer-inner\"><\/div>\n\t\t<\/div>\n\t\t\t\t<\/div>\n\t\t\t\t<\/div>\n\t\t\t\t\t\t<\/div>\n\t\t\t\t\t<\/div>\n\t\t<\/div>\n\t\t\t\t\t\t\t\t<\/div>\n\t\t\t\t\t<\/div>\n\t\t<\/section>\n\t\t\t\t<section class=\"elementor-section elementor-top-section elementor-element elementor-element-de8bac1 elementor-section-boxed elementor-section-height-default elementor-section-height-default\" data-id=\"de8bac1\" data-element_type=\"section\" data-settings=\"{&quot;background_background&quot;:&quot;classic&quot;,&quot;shape_divider_top&quot;:&quot;arrow&quot;}\">\n\t\t\t\t\t<div class=\"elementor-shape elementor-shape-top\" data-negative=\"false\">\n\t\t\t<svg xmlns=\"http:\/\/www.w3.org\/2000\/svg\" viewBox=\"0 0 700 10\" preserveAspectRatio=\"none\">\n\t<path class=\"elementor-shape-fill\" d=\"M350,10L340,0h20L350,10z\"\/>\n<\/svg>\t\t<\/div>\n\t\t\t\t\t<div class=\"elementor-container elementor-column-gap-default\">\n\t\t\t\t\t\t\t<div class=\"elementor-row\">\n\t\t\t\t\t<div class=\"elementor-column elementor-col-33 elementor-top-column elementor-element elementor-element-855b71d\" data-id=\"855b71d\" data-element_type=\"column\">\n\t\t\t<div class=\"elementor-column-wrap elementor-element-populated\">\n\t\t\t\t\t\t\t<div class=\"elementor-widget-wrap\">\n\t\t\t\t\t\t<div class=\"elementor-element elementor-element-327b8c0 elementor-widget elementor-widget-spacer\" data-id=\"327b8c0\" data-element_type=\"widget\" data-widget_type=\"spacer.default\">\n\t\t\t\t<div class=\"elementor-widget-container\">\n\t\t\t\t\t<div class=\"elementor-spacer\">\n\t\t\t<div class=\"elementor-spacer-inner\"><\/div>\n\t\t<\/div>\n\t\t\t\t<\/div>\n\t\t\t\t<\/div>\n\t\t\t\t<div class=\"elementor-element elementor-element-ba507d9 elementor-widget elementor-widget-heading\" data-id=\"ba507d9\" data-element_type=\"widget\" data-widget_type=\"heading.default\">\n\t\t\t\t<div class=\"elementor-widget-container\">\n\t\t\t<h2 class=\"elementor-heading-title elementor-size-default\"><a href=\"http:\/\/unbarmanchezmoi.fr\/index.php\/evenement-prive\/\">Pour les particuliers<\/a><\/h2>\t\t<\/div>\n\t\t\t\t<\/div>\n\t\t\t\t<div class=\"elementor-element elementor-element-cec2b18 elementor-widget elementor-widget-image\" data-id=\"cec2b18\" data-element_type=\"widget\" data-widget_type=\"image.default\">\n\t\t\t\t<div class=\"elementor-widget-container\">\n\t\t\t\t\t\t\t\t<div class=\"elementor-image\">\n\t\t\t\t\t\t\t\t\t\t\t\t<img width=\"600\" height=\"450\" src=\"https:\/\/unbarmanchezmoi.fr\/wp-content\/uploads\/2019\/09\/soiree-particuliers-1.jpg\" class=\"attachment-large size-large\" alt=\"\" loading=\"lazy\" srcset=\"https:\/\/unbarmanchezmoi.fr\/wp-content\/uploads\/2019\/09\/soiree-particuliers-1.jpg 600w, https:\/\/unbarmanchezmoi.fr\/wp-content\/uploads\/2019\/09\/soiree-particuliers-1-300x225.jpg 300w, https:\/\/unbarmanchezmoi.fr\/wp-content\/uploads\/2019\/09\/soiree-particuliers-1-267x200.jpg 267w\" sizes=\"(max-width: 600px) 100vw, 600px\" \/>\t\t\t\t\t\t\t\t\t\t\t\t\t\t<\/div>\n\t\t\t\t\t\t<\/div>\n\t\t\t\t<\/div>\n\t\t\t\t<div class=\"elementor-element elementor-element-2bc63f1 elementor-widget elementor-widget-text-editor\" data-id=\"2bc63f1\" data-element_type=\"widget\" data-widget_type=\"text-editor.default\">\n\t\t\t\t<div class=\"elementor-widget-container\">\n\t\t\t\t\t\t\t\t<div class=\"elementor-text-editor elementor-clearfix\">\n\t\t\t\t<p>Nos cocktails et notre bar lumineux mettra de l&#8217;ambiance \u00e0 vos soir\u00e9es priv\u00e9es, mariage, anniversaire,<span style=\"text-indent: 0em;\">\u00a0cr\u00e9maill\u00e8re&#8230;\u00a0<\/span><\/p><p>Nous nous adaptons \u00e9galement \u00e0 votre th\u00e8me : No\u00ebl, Halloween&#8230;<\/p>\t\t\t\t\t<\/div>\n\t\t\t\t\t\t<\/div>\n\t\t\t\t<\/div>\n\t\t\t\t\t\t<\/div>\n\t\t\t\t\t<\/div>\n\t\t<\/div>\n\t\t\t\t<div class=\"elementor-column elementor-col-33 elementor-top-column elementor-element elementor-element-daf0c42\" data-id=\"daf0c42\" data-element_type=\"column\">\n\t\t\t<div class=\"elementor-column-wrap elementor-element-populated\">\n\t\t\t\t\t\t\t<div class=\"elementor-widget-wrap\">\n\t\t\t\t\t\t<div class=\"elementor-element elementor-element-9f3dd07 elementor-widget elementor-widget-spacer\" data-id=\"9f3dd07\" data-element_type=\"widget\" data-widget_type=\"spacer.default\">\n\t\t\t\t<div class=\"elementor-widget-container\">\n\t\t\t\t\t<div class=\"elementor-spacer\">\n\t\t\t<div class=\"elementor-spacer-inner\"><\/div>\n\t\t<\/div>\n\t\t\t\t<\/div>\n\t\t\t\t<\/div>\n\t\t\t\t<div class=\"elementor-element elementor-element-529d042 elementor-widget elementor-widget-heading\" data-id=\"529d042\" data-element_type=\"widget\" data-widget_type=\"heading.default\">\n\t\t\t\t<div class=\"elementor-widget-container\">\n\t\t\t<h2 class=\"elementor-heading-title elementor-size-default\"><a href=\"http:\/\/unbarmanchezmoi.fr\/index.php\/evenement-professionnel\/\">Pour les professionnels<\/a><\/h2>\t\t<\/div>\n\t\t\t\t<\/div>\n\t\t\t\t<div class=\"elementor-element elementor-element-ea335cc elementor-widget elementor-widget-image\" data-id=\"ea335cc\" data-element_type=\"widget\" data-widget_type=\"image.default\">\n\t\t\t\t<div class=\"elementor-widget-container\">\n\t\t\t\t\t\t\t\t<div class=\"elementor-image\">\n\t\t\t\t\t\t\t\t\t\t\t\t<img width=\"600\" height=\"450\" src=\"https:\/\/unbarmanchezmoi.fr\/wp-content\/uploads\/2019\/09\/soiree-pro-1.jpg\" class=\"attachment-large size-large\" alt=\"\" loading=\"lazy\" srcset=\"https:\/\/unbarmanchezmoi.fr\/wp-content\/uploads\/2019\/09\/soiree-pro-1.jpg 600w, https:\/\/unbarmanchezmoi.fr\/wp-content\/uploads\/2019\/09\/soiree-pro-1-300x225.jpg 300w, https:\/\/unbarmanchezmoi.fr\/wp-content\/uploads\/2019\/09\/soiree-pro-1-267x200.jpg 267w\" sizes=\"(max-width: 600px) 100vw, 600px\" \/>\t\t\t\t\t\t\t\t\t\t\t\t\t\t<\/div>\n\t\t\t\t\t\t<\/div>\n\t\t\t\t<\/div>\n\t\t\t\t<div class=\"elementor-element elementor-element-6f7fe0e elementor-widget elementor-widget-text-editor\" data-id=\"6f7fe0e\" data-element_type=\"widget\" data-widget_type=\"text-editor.default\">\n\t\t\t\t<div class=\"elementor-widget-container\">\n\t\t\t\t\t\t\t\t<div class=\"elementor-text-editor elementor-clearfix\">\n\t\t\t\t<p>Vous souhaitez cr\u00e9er un \u00e9v\u00e9nement original pour votre entreprise, \u00e0 l\u2019occasion d\u2019un s\u00e9minaire, d\u2019une soir\u00e9e corporate ou d\u2019un lancement de produit.<br \/>Vous pouvez nous faire confiance pour son organisation.<\/p>\t\t\t\t\t<\/div>\n\t\t\t\t\t\t<\/div>\n\t\t\t\t<\/div>\n\t\t\t\t\t\t<\/div>\n\t\t\t\t\t<\/div>\n\t\t<\/div>\n\t\t\t\t<div class=\"elementor-column elementor-col-33 elementor-top-column elementor-element elementor-element-086db2a\" data-id=\"086db2a\" data-element_type=\"column\">\n\t\t\t<div class=\"elementor-column-wrap elementor-element-populated\">\n\t\t\t\t\t\t\t<div class=\"elementor-widget-wrap\">\n\t\t\t\t\t\t<div class=\"elementor-element elementor-element-6d2a504 elementor-widget elementor-widget-spacer\" data-id=\"6d2a504\" data-element_type=\"widget\" data-widget_type=\"spacer.default\">\n\t\t\t\t<div class=\"elementor-widget-container\">\n\t\t\t\t\t<div class=\"elementor-spacer\">\n\t\t\t<div class=\"elementor-spacer-inner\"><\/div>\n\t\t<\/div>\n\t\t\t\t<\/div>\n\t\t\t\t<\/div>\n\t\t\t\t<div class=\"elementor-element elementor-element-2486cbb elementor-widget elementor-widget-heading\" data-id=\"2486cbb\" data-element_type=\"widget\" data-widget_type=\"heading.default\">\n\t\t\t\t<div class=\"elementor-widget-container\">\n\t\t\t<h2 class=\"elementor-heading-title elementor-size-default\"><a href=\"http:\/\/unbarmanchezmoi.fr\/index.php\/atelier\/\">Les Ateliers\n\nCocktails<\/a><\/h2>\t\t<\/div>\n\t\t\t\t<\/div>\n\t\t\t\t<div class=\"elementor-element elementor-element-ce8cec0 elementor-widget elementor-widget-image\" data-id=\"ce8cec0\" data-element_type=\"widget\" data-widget_type=\"image.default\">\n\t\t\t\t<div class=\"elementor-widget-container\">\n\t\t\t\t\t\t\t\t<div class=\"elementor-image\">\n\t\t\t\t\t\t\t\t\t\t\t\t<img width=\"600\" height=\"450\" src=\"https:\/\/unbarmanchezmoi.fr\/wp-content\/uploads\/2019\/09\/atelier.jpg\" class=\"attachment-large size-large\" alt=\"\" loading=\"lazy\" srcset=\"https:\/\/unbarmanchezmoi.fr\/wp-content\/uploads\/2019\/09\/atelier.jpg 600w, https:\/\/unbarmanchezmoi.fr\/wp-content\/uploads\/2019\/09\/atelier-300x225.jpg 300w, https:\/\/unbarmanchezmoi.fr\/wp-content\/uploads\/2019\/09\/atelier-267x200.jpg 267w\" sizes=\"(max-width: 600px) 100vw, 600px\" \/>\t\t\t\t\t\t\t\t\t\t\t\t\t\t<\/div>\n\t\t\t\t\t\t<\/div>\n\t\t\t\t<\/div>\n\t\t\t\t<div class=\"elementor-element elementor-element-f52a134 elementor-widget elementor-widget-text-editor\" data-id=\"f52a134\" data-element_type=\"widget\" data-widget_type=\"text-editor.default\">\n\t\t\t\t<div class=\"elementor-widget-container\">\n\t\t\t\t\t\t\t\t<div class=\"elementor-text-editor elementor-clearfix\">\n\t\t\t\t<p><strong>A vous de Shaker !<\/strong><\/p><p>Nous dispensons aussi des Masterclass de 1h30 \u00e0 2h. Un moment privil\u00e9gi\u00e9 pour apprendre \u00e0 r\u00e9aliser 3 cocktails.<\/p>\t\t\t\t\t<\/div>\n\t\t\t\t\t\t<\/div>\n\t\t\t\t<\/div>\n\t\t\t\t\t\t<\/div>\n\t\t\t\t\t<\/div>\n\t\t<\/div>\n\t\t\t\t\t\t\t\t<\/div>\n\t\t\t\t\t<\/div>\n\t\t<\/section>\n\t\t\t\t<section class=\"elementor-section elementor-top-section elementor-element elementor-element-3888062 elementor-section-boxed elementor-section-height-default elementor-section-height-default\" data-id=\"3888062\" data-element_type=\"section\" data-settings=\"{&quot;shape_divider_top&quot;:&quot;arrow&quot;,&quot;background_background&quot;:&quot;classic&quot;}\">\n\t\t\t\t\t<div class=\"elementor-shape elementor-shape-top\" data-negative=\"false\">\n\t\t\t<svg xmlns=\"http:\/\/www.w3.org\/2000\/svg\" viewBox=\"0 0 700 10\" preserveAspectRatio=\"none\">\n\t<path class=\"elementor-shape-fill\" d=\"M350,10L340,0h20L350,10z\"\/>\n<\/svg>\t\t<\/div>\n\t\t\t\t\t<div class=\"elementor-container elementor-column-gap-default\">\n\t\t\t\t\t\t\t<div class=\"elementor-row\">\n\t\t\t\t\t<div class=\"elementor-column elementor-col-100 elementor-top-column elementor-element elementor-element-12fffa1\" data-id=\"12fffa1\" data-element_type=\"column\">\n\t\t\t<div class=\"elementor-column-wrap elementor-element-populated\">\n\t\t\t\t\t\t\t<div class=\"elementor-widget-wrap\">\n\t\t\t\t\t\t<div class=\"elementor-element elementor-element-3138d23 elementor-widget elementor-widget-heading\" data-id=\"3138d23\" data-element_type=\"widget\" data-widget_type=\"heading.default\">\n\t\t\t\t<div class=\"elementor-widget-container\">\n\t\t\t<h2 class=\"elementor-heading-title elementor-size-default\">Nous contacter<\/h2>\t\t<\/div>\n\t\t\t\t<\/div>\n\t\t\t\t<div class=\"elementor-element elementor-element-c4e9633 elementor-widget elementor-widget-image\" data-id=\"c4e9633\" data-element_type=\"widget\" data-widget_type=\"image.default\">\n\t\t\t\t<div class=\"elementor-widget-container\">\n\t\t\t\t\t\t\t\t<div class=\"elementor-image\">\n\t\t\t\t\t\t\t\t\t\t\t\t<img width=\"150\" height=\"150\" src=\"https:\/\/unbarmanchezmoi.fr\/wp-content\/uploads\/2019\/09\/logo-un-barmanchezmoi-150x150.png\" class=\"attachment-thumbnail size-thumbnail\" alt=\"\" loading=\"lazy\" srcset=\"https:\/\/unbarmanchezmoi.fr\/wp-content\/uploads\/2019\/09\/logo-un-barmanchezmoi-150x150.png 150w, https:\/\/unbarmanchezmoi.fr\/wp-content\/uploads\/2019\/09\/logo-un-barmanchezmoi-400x400.png 400w\" sizes=\"(max-width: 150px) 100vw, 150px\" \/>\t\t\t\t\t\t\t\t\t\t\t\t\t\t<\/div>\n\t\t\t\t\t\t<\/div>\n\t\t\t\t<\/div>\n\t\t\t\t<div class=\"elementor-element elementor-element-23cdd65 elementor-widget elementor-widget-text-editor\" data-id=\"23cdd65\" data-element_type=\"widget\" data-widget_type=\"text-editor.default\">\n\t\t\t\t<div class=\"elementor-widget-container\">\n\t\t\t\t\t\t\t\t<div class=\"elementor-text-editor elementor-clearfix\">\n\t\t\t\t<p><strong>06 88 60 91 96 &#8211; <a href=\"mailto:contact@unbarmanchezmoi.fr\">contact@unbarmanchezmoi.fr<\/a><\/strong><\/p><p>91800 Brunoy<\/p>\t\t\t\t\t<\/div>\n\t\t\t\t\t\t<\/div>\n\t\t\t\t<\/div>\n\t\t\t\t\t\t<\/div>\n\t\t\t\t\t<\/div>\n\t\t<\/div>\n\t\t\t\t\t\t\t\t<\/div>\n\t\t\t\t\t<\/div>\n\t\t<\/section>\n\t\t\t\t\t\t<\/div>\n\t\t\t\t\t\t<\/div>\n\t\t\t\t\t<\/div>\n\t\t","protected":false},"excerpt":{"rendered":"<p>Barman \u00e0 domicile et \u00e9v\u00e9nementiel\u200b Devis gratuit Un Barman Chez Moi vous propose une prestation de barman \u00e0 domicile qui vous fera d\u00e9couvrir des cocktails savoureux et originaux.\u00a0 C\u2019est la touche pour faire de vos soir\u00e9es un moment d\u2019exception\u00a0! Votre barman se d\u00e9placent avec son bar lumineux et tous le &hellip;<\/p>\n","protected":false},"author":1,"featured_media":0,"parent":0,"menu_order":0,"comment_status":"closed","ping_status":"closed","template":"elementor_header_footer","meta":[],"yoast_head":"<!-- This site is optimized with the Yoast SEO plugin v17.4 - https:\/\/yoast.com\/wordpress\/plugins\/seo\/ -->\n<title>Un Barman chez moi - Barman \u00e0 domicile - Soir\u00e9e priv\u00e9e et professionnel<\/title>\n<meta name=\"description\" content=\"Un barman chez moi vous propose une prestation de barman \u00e0 domicile qui vous fera d\u00e9couvrir des cocktails savoureux et originaux.\" \/>\n<meta name=\"robots\" content=\"index, follow, max-snippet:-1, max-image-preview:large, max-video-preview:-1\" \/>\n<link rel=\"canonical\" href=\"https:\/\/unbarmanchezmoi.fr\/\" \/>\n<meta property=\"og:locale\" content=\"en_US\" \/>\n<meta property=\"og:type\" content=\"article\" \/>\n<meta property=\"og:title\" content=\"Un Barman chez moi - Barman \u00e0 domicile - Soir\u00e9e priv\u00e9e et professionnel\" \/>\n<meta property=\"og:description\" content=\"Un barman chez moi vous propose une prestation de barman \u00e0 domicile qui vous fera d\u00e9couvrir des cocktails savoureux et originaux.\" \/>\n<meta property=\"og:url\" content=\"https:\/\/unbarmanchezmoi.fr\/\" \/>\n<meta property=\"og:site_name\" content=\"Un barman chez moi\" \/>\n<meta property=\"article:modified_time\" content=\"2019-09-13T10:44:31+00:00\" \/>\n<meta property=\"og:image\" content=\"http:\/\/unbarmanchezmoi.fr\/wp-content\/uploads\/2019\/09\/soiree-particuliers-1.jpg\" \/>\n<meta name=\"twitter:card\" content=\"summary_large_image\" \/>\n<meta name=\"twitter:label1\" content=\"Est. reading time\" \/>\n\t<meta name=\"twitter:data1\" content=\"1 minute\" \/>\n<script type=\"application\/ld+json\" class=\"yoast-schema-graph\">{\"@context\":\"https:\/\/schema.org\",\"@graph\":[{\"@type\":\"WebSite\",\"@id\":\"https:\/\/unbarmanchezmoi.fr\/#website\",\"url\":\"https:\/\/unbarmanchezmoi.fr\/\",\"name\":\"Un barman chez moi\",\"description\":\"Barman \\u00e0 domicile et \\u00e9v\\u00e8nementiel\",\"potentialAction\":[{\"@type\":\"SearchAction\",\"target\":{\"@type\":\"EntryPoint\",\"urlTemplate\":\"https:\/\/unbarmanchezmoi.fr\/?s={search_term_string}\"},\"query-input\":\"required name=search_term_string\"}],\"inLanguage\":\"en-US\"},{\"@type\":\"ImageObject\",\"@id\":\"https:\/\/unbarmanchezmoi.fr\/#primaryimage\",\"inLanguage\":\"en-US\",\"url\":\"http:\/\/unbarmanchezmoi.fr\/wp-content\/uploads\/2019\/09\/soiree-particuliers-1.jpg\",\"contentUrl\":\"http:\/\/unbarmanchezmoi.fr\/wp-content\/uploads\/2019\/09\/soiree-particuliers-1.jpg\"},{\"@type\":\"WebPage\",\"@id\":\"https:\/\/unbarmanchezmoi.fr\/#webpage\",\"url\":\"https:\/\/unbarmanchezmoi.fr\/\",\"name\":\"Un Barman chez moi - Barman \\u00e0 domicile - Soir\\u00e9e priv\\u00e9e et professionnel\",\"isPartOf\":{\"@id\":\"https:\/\/unbarmanchezmoi.fr\/#website\"},\"primaryImageOfPage\":{\"@id\":\"https:\/\/unbarmanchezmoi.fr\/#primaryimage\"},\"datePublished\":\"2018-02-20T12:24:03+00:00\",\"dateModified\":\"2019-09-13T10:44:31+00:00\",\"description\":\"Un barman chez moi vous propose une prestation de barman \\u00e0 domicile qui vous fera d\\u00e9couvrir des cocktails savoureux et originaux.\",\"breadcrumb\":{\"@id\":\"https:\/\/unbarmanchezmoi.fr\/#breadcrumb\"},\"inLanguage\":\"en-US\",\"potentialAction\":[{\"@type\":\"ReadAction\",\"target\":[\"https:\/\/unbarmanchezmoi.fr\/\"]}]},{\"@type\":\"BreadcrumbList\",\"@id\":\"https:\/\/unbarmanchezmoi.fr\/#breadcrumb\",\"itemListElement\":[{\"@type\":\"ListItem\",\"position\":1,\"name\":\"Home\",\"item\":\"https:\/\/unbarmanchezmoi.fr\/\"},{\"@type\":\"ListItem\",\"position\":2,\"name\":\"Accueil\"}]}]}<\/script>\n<!-- \/ Yoast SEO plugin. -->","yoast_head_json":{"title":"Un Barman chez moi - Barman \u00e0 domicile - Soir\u00e9e priv\u00e9e et professionnel","description":"Un barman chez moi vous propose une prestation de barman \u00e0 domicile qui vous fera d\u00e9couvrir des cocktails savoureux et originaux.","robots":{"index":"index","follow":"follow","max-snippet":"max-snippet:-1","max-image-preview":"max-image-preview:large","max-video-preview":"max-video-preview:-1"},"canonical":"https:\/\/unbarmanchezmoi.fr\/","og_locale":"en_US","og_type":"article","og_title":"Un Barman chez moi - Barman \u00e0 domicile - Soir\u00e9e priv\u00e9e et professionnel","og_description":"Un barman chez moi vous propose une prestation de barman \u00e0 domicile qui vous fera d\u00e9couvrir des cocktails savoureux et originaux.","og_url":"https:\/\/unbarmanchezmoi.fr\/","og_site_name":"Un barman chez moi","article_modified_time":"2019-09-13T10:44:31+00:00","og_image":[{"url":"http:\/\/unbarmanchezmoi.fr\/wp-content\/uploads\/2019\/09\/soiree-particuliers-1.jpg"}],"twitter_card":"summary_large_image","twitter_misc":{"Est. reading time":"1 minute"},"schema":{"@context":"https:\/\/schema.org","@graph":[{"@type":"WebSite","@id":"https:\/\/unbarmanchezmoi.fr\/#website","url":"https:\/\/unbarmanchezmoi.fr\/","name":"Un barman chez moi","description":"Barman \u00e0 domicile et \u00e9v\u00e8nementiel","potentialAction":[{"@type":"SearchAction","target":{"@type":"EntryPoint","urlTemplate":"https:\/\/unbarmanchezmoi.fr\/?s={search_term_string}"},"query-input":"required name=search_term_string"}],"inLanguage":"en-US"},{"@type":"ImageObject","@id":"https:\/\/unbarmanchezmoi.fr\/#primaryimage","inLanguage":"en-US","url":"http:\/\/unbarmanchezmoi.fr\/wp-content\/uploads\/2019\/09\/soiree-particuliers-1.jpg","contentUrl":"http:\/\/unbarmanchezmoi.fr\/wp-content\/uploads\/2019\/09\/soiree-particuliers-1.jpg"},{"@type":"WebPage","@id":"https:\/\/unbarmanchezmoi.fr\/#webpage","url":"https:\/\/unbarmanchezmoi.fr\/","name":"Un Barman chez moi - Barman \u00e0 domicile - Soir\u00e9e priv\u00e9e et professionnel","isPartOf":{"@id":"https:\/\/unbarmanchezmoi.fr\/#website"},"primaryImageOfPage":{"@id":"https:\/\/unbarmanchezmoi.fr\/#primaryimage"},"datePublished":"2018-02-20T12:24:03+00:00","dateModified":"2019-09-13T10:44:31+00:00","description":"Un barman chez moi vous propose une prestation de barman \u00e0 domicile qui vous fera d\u00e9couvrir des cocktails savoureux et originaux.","breadcrumb":{"@id":"https:\/\/unbarmanchezmoi.fr\/#breadcrumb"},"inLanguage":"en-US","potentialAction":[{"@type":"ReadAction","target":["https:\/\/unbarmanchezmoi.fr\/"]}]},{"@type":"BreadcrumbList","@id":"https:\/\/unbarmanchezmoi.fr\/#breadcrumb","itemListElement":[{"@type":"ListItem","position":1,"name":"Home","item":"https:\/\/unbarmanchezmoi.fr\/"},{"@type":"ListItem","position":2,"name":"Accueil"}]}]}},"_links":{"self":[{"href":"https:\/\/unbarmanchezmoi.fr\/index.php\/wp-json\/wp\/v2\/pages\/16"}],"collection":[{"href":"https:\/\/unbarmanchezmoi.fr\/index.php\/wp-json\/wp\/v2\/pages"}],"about":[{"href":"https:\/\/unbarmanchezmoi.fr\/index.php\/wp-json\/wp\/v2\/types\/page"}],"author":[{"embeddable":true,"href":"https:\/\/unbarmanchezmoi.fr\/index.php\/wp-json\/wp\/v2\/users\/1"}],"replies":[{"embeddable":true,"href":"https:\/\/unbarmanchezmoi.fr\/index.php\/wp-json\/wp\/v2\/comments?post=16"}],"version-history":[{"count":55,"href":"https:\/\/unbarmanchezmoi.fr\/index.php\/wp-json\/wp\/v2\/pages\/16\/revisions"}],"predecessor-version":[{"id":578,"href":"https:\/\/unbarmanchezmoi.fr\/index.php\/wp-json\/wp\/v2\/pages\/16\/revisions\/578"}],"wp:attachment":[{"href":"https:\/\/unbarmanchezmoi.fr\/index.php\/wp-json\/wp\/v2\/media?parent=16"}],"curies":[{"name":"wp","href":"https:\/\/api.w.org\/{rel}","templated":true}]}}