{"id":170,"date":"2019-09-13T09:55:21","date_gmt":"2019-09-13T07:55:21","guid":{"rendered":"http:\/\/unbarmanchezmoi.fr\/?page_id=170"},"modified":"2024-01-16T10:39:57","modified_gmt":"2024-01-16T09:39:57","slug":"devis","status":"publish","type":"page","link":"https:\/\/unbarmanchezmoi.fr\/index.php\/devis\/","title":{"rendered":"Devis gratuit"},"content":{"rendered":"\t\t<div data-elementor-type=\"wp-post\" data-elementor-id=\"170\" class=\"elementor elementor-170\" data-elementor-settings=\"[]\">\n\t\t\t\t\t\t<div class=\"elementor-inner\">\n\t\t\t\t\t\t\t<div class=\"elementor-section-wrap\">\n\t\t\t\t\t\t\t<section class=\"elementor-section elementor-top-section elementor-element elementor-element-a7ebc25 elementor-section-boxed elementor-section-height-default elementor-section-height-default\" data-id=\"a7ebc25\" data-element_type=\"section\" data-settings=\"{&quot;background_background&quot;:&quot;classic&quot;}\">\n\t\t\t\t\t\t<div class=\"elementor-container elementor-column-gap-default\">\n\t\t\t\t\t\t\t<div class=\"elementor-row\">\n\t\t\t\t\t<div class=\"elementor-column elementor-col-100 elementor-top-column elementor-element elementor-element-bfcc013\" data-id=\"bfcc013\" data-element_type=\"column\">\n\t\t\t<div class=\"elementor-column-wrap elementor-element-populated\">\n\t\t\t\t\t\t\t<div class=\"elementor-widget-wrap\">\n\t\t\t\t\t\t<div class=\"elementor-element elementor-element-2e36b06 elementor-widget elementor-widget-spacer\" data-id=\"2e36b06\" data-element_type=\"widget\" data-widget_type=\"spacer.default\">\n\t\t\t\t<div class=\"elementor-widget-container\">\n\t\t\t\t\t<div class=\"elementor-spacer\">\n\t\t\t<div class=\"elementor-spacer-inner\"><\/div>\n\t\t<\/div>\n\t\t\t\t<\/div>\n\t\t\t\t<\/div>\n\t\t\t\t<div class=\"elementor-element elementor-element-443981a elementor-widget elementor-widget-spacer\" data-id=\"443981a\" data-element_type=\"widget\" data-widget_type=\"spacer.default\">\n\t\t\t\t<div class=\"elementor-widget-container\">\n\t\t\t\t\t<div class=\"elementor-spacer\">\n\t\t\t<div class=\"elementor-spacer-inner\"><\/div>\n\t\t<\/div>\n\t\t\t\t<\/div>\n\t\t\t\t<\/div>\n\t\t\t\t\t\t<\/div>\n\t\t\t\t\t<\/div>\n\t\t<\/div>\n\t\t\t\t\t\t\t\t<\/div>\n\t\t\t\t\t<\/div>\n\t\t<\/section>\n\t\t\t\t<section class=\"elementor-section elementor-top-section elementor-element elementor-element-12e914e elementor-section-boxed elementor-section-height-default elementor-section-height-default\" data-id=\"12e914e\" data-element_type=\"section\">\n\t\t\t\t\t\t<div class=\"elementor-container elementor-column-gap-default\">\n\t\t\t\t\t\t\t<div class=\"elementor-row\">\n\t\t\t\t\t<div class=\"elementor-column elementor-col-100 elementor-top-column elementor-element elementor-element-2c53cde\" data-id=\"2c53cde\" data-element_type=\"column\">\n\t\t\t<div class=\"elementor-column-wrap elementor-element-populated\">\n\t\t\t\t\t\t\t<div class=\"elementor-widget-wrap\">\n\t\t\t\t\t\t<div class=\"elementor-element elementor-element-a3b2433 elementor-widget elementor-widget-text-editor\" data-id=\"a3b2433\" data-element_type=\"widget\" data-widget_type=\"text-editor.default\">\n\t\t\t\t<div class=\"elementor-widget-container\">\n\t\t\t\t\t\t\t\t<div class=\"elementor-text-editor elementor-clearfix\">\n\t\t\t\t<p>Vous souhaitez organiser un \u00e9v\u00e9nement et \u00eates int\u00e9ress\u00e9 par nos prestations ?<\/p><p>N\u2019h\u00e9sitez pas \u00e0 nous contacter pour un devis gratuit :<\/p>\t\t\t\t\t<\/div>\n\t\t\t\t\t\t<\/div>\n\t\t\t\t<\/div>\n\t\t\t\t<section class=\"elementor-section elementor-inner-section elementor-element elementor-element-b2a2c7f elementor-section-boxed elementor-section-height-default elementor-section-height-default\" data-id=\"b2a2c7f\" data-element_type=\"section\">\n\t\t\t\t\t\t<div class=\"elementor-container elementor-column-gap-default\">\n\t\t\t\t\t\t\t<div class=\"elementor-row\">\n\t\t\t\t\t<div class=\"elementor-column elementor-col-33 elementor-inner-column elementor-element elementor-element-3754a4e\" data-id=\"3754a4e\" data-element_type=\"column\">\n\t\t\t<div class=\"elementor-column-wrap elementor-element-populated\">\n\t\t\t\t\t\t\t<div class=\"elementor-widget-wrap\">\n\t\t\t\t\t\t<div class=\"elementor-element elementor-element-2188d661 elementor-align-center elementor-mobile-align-center elementor-widget elementor-widget-button\" data-id=\"2188d661\" data-element_type=\"widget\" data-widget_type=\"button.default\">\n\t\t\t\t<div class=\"elementor-widget-container\">\n\t\t\t\t\t<div class=\"elementor-button-wrapper\">\n\t\t\t<a href=\"http:\/\/unbarmanchezmoi.fr\/index.php\/devis-particulier\/\" class=\"elementor-button-link elementor-button elementor-size-lg\" role=\"button\">\n\t\t\t\t\t\t<span class=\"elementor-button-content-wrapper\">\n\t\t\t\t\t\t<span class=\"elementor-button-text\">Devis Particulier<\/span>\n\t\t<\/span>\n\t\t\t\t\t<\/a>\n\t\t<\/div>\n\t\t\t\t<\/div>\n\t\t\t\t<\/div>\n\t\t\t\t\t\t<\/div>\n\t\t\t\t\t<\/div>\n\t\t<\/div>\n\t\t\t\t<div class=\"elementor-column elementor-col-33 elementor-inner-column elementor-element elementor-element-7a0335f\" data-id=\"7a0335f\" data-element_type=\"column\">\n\t\t\t<div class=\"elementor-column-wrap elementor-element-populated\">\n\t\t\t\t\t\t\t<div class=\"elementor-widget-wrap\">\n\t\t\t\t\t\t<div class=\"elementor-element elementor-element-59fcda0 elementor-align-center elementor-mobile-align-center elementor-widget elementor-widget-button\" data-id=\"59fcda0\" data-element_type=\"widget\" data-widget_type=\"button.default\">\n\t\t\t\t<div class=\"elementor-widget-container\">\n\t\t\t\t\t<div class=\"elementor-button-wrapper\">\n\t\t\t<a href=\"http:\/\/unbarmanchezmoi.fr\/index.php\/devis-mariage\/\" class=\"elementor-button-link elementor-button elementor-size-lg\" role=\"button\">\n\t\t\t\t\t\t<span class=\"elementor-button-content-wrapper\">\n\t\t\t\t\t\t<span class=\"elementor-button-text\">Devis Mariage<\/span>\n\t\t<\/span>\n\t\t\t\t\t<\/a>\n\t\t<\/div>\n\t\t\t\t<\/div>\n\t\t\t\t<\/div>\n\t\t\t\t\t\t<\/div>\n\t\t\t\t\t<\/div>\n\t\t<\/div>\n\t\t\t\t<div class=\"elementor-column elementor-col-33 elementor-inner-column elementor-element elementor-element-0e08002\" data-id=\"0e08002\" data-element_type=\"column\">\n\t\t\t<div class=\"elementor-column-wrap elementor-element-populated\">\n\t\t\t\t\t\t\t<div class=\"elementor-widget-wrap\">\n\t\t\t\t\t\t<div class=\"elementor-element elementor-element-0beefd3 elementor-align-center elementor-mobile-align-center elementor-widget elementor-widget-button\" data-id=\"0beefd3\" data-element_type=\"widget\" data-widget_type=\"button.default\">\n\t\t\t\t<div class=\"elementor-widget-container\">\n\t\t\t\t\t<div class=\"elementor-button-wrapper\">\n\t\t\t<a href=\"http:\/\/unbarmanchezmoi.fr\/index.php\/devis-professionnel\/\" class=\"elementor-button-link elementor-button elementor-size-lg\" role=\"button\">\n\t\t\t\t\t\t<span class=\"elementor-button-content-wrapper\">\n\t\t\t\t\t\t<span class=\"elementor-button-text\">Devis Professionnel<\/span>\n\t\t<\/span>\n\t\t\t\t\t<\/a>\n\t\t<\/div>\n\t\t\t\t<\/div>\n\t\t\t\t<\/div>\n\t\t\t\t\t\t<\/div>\n\t\t\t\t\t<\/div>\n\t\t<\/div>\n\t\t\t\t\t\t\t\t<\/div>\n\t\t\t\t\t<\/div>\n\t\t<\/section>\n\t\t\t\t\t\t<\/div>\n\t\t\t\t\t<\/div>\n\t\t<\/div>\n\t\t\t\t\t\t\t\t<\/div>\n\t\t\t\t\t<\/div>\n\t\t<\/section>\n\t\t\t\t<section class=\"elementor-section elementor-top-section elementor-element elementor-element-40006b69 elementor-section-boxed elementor-section-height-default elementor-section-height-default\" data-id=\"40006b69\" data-element_type=\"section\" data-settings=\"{&quot;shape_divider_top&quot;:&quot;arrow&quot;}\">\n\t\t\t\t\t<div class=\"elementor-shape elementor-shape-top\" data-negative=\"false\">\n\t\t\t<svg xmlns=\"http:\/\/www.w3.org\/2000\/svg\" viewBox=\"0 0 700 10\" preserveAspectRatio=\"none\">\n\t<path class=\"elementor-shape-fill\" d=\"M350,10L340,0h20L350,10z\"\/>\n<\/svg>\t\t<\/div>\n\t\t\t\t\t<div class=\"elementor-container elementor-column-gap-default\">\n\t\t\t\t\t\t\t<div class=\"elementor-row\">\n\t\t\t\t\t<div class=\"elementor-column elementor-col-100 elementor-top-column elementor-element elementor-element-3793ea53\" data-id=\"3793ea53\" data-element_type=\"column\">\n\t\t\t<div class=\"elementor-column-wrap elementor-element-populated\">\n\t\t\t\t\t\t\t<div class=\"elementor-widget-wrap\">\n\t\t\t\t\t\t<div class=\"elementor-element elementor-element-73dad652 elementor-widget elementor-widget-heading\" data-id=\"73dad652\" data-element_type=\"widget\" data-widget_type=\"heading.default\">\n\t\t\t\t<div class=\"elementor-widget-container\">\n\t\t\t<h2 class=\"elementor-heading-title elementor-size-default\">Nous contacter<\/h2>\t\t<\/div>\n\t\t\t\t<\/div>\n\t\t\t\t<div class=\"elementor-element elementor-element-370afe97 elementor-widget elementor-widget-image\" data-id=\"370afe97\" data-element_type=\"widget\" data-widget_type=\"image.default\">\n\t\t\t\t<div class=\"elementor-widget-container\">\n\t\t\t\t\t\t\t\t<div class=\"elementor-image\">\n\t\t\t\t\t\t\t\t\t\t\t\t<img width=\"150\" height=\"150\" src=\"https:\/\/unbarmanchezmoi.fr\/wp-content\/uploads\/2019\/09\/logo-un-barmanchezmoi-150x150.png\" class=\"attachment-thumbnail size-thumbnail\" alt=\"\" loading=\"lazy\" srcset=\"https:\/\/unbarmanchezmoi.fr\/wp-content\/uploads\/2019\/09\/logo-un-barmanchezmoi-150x150.png 150w, https:\/\/unbarmanchezmoi.fr\/wp-content\/uploads\/2019\/09\/logo-un-barmanchezmoi-400x400.png 400w\" sizes=\"(max-width: 150px) 100vw, 150px\" \/>\t\t\t\t\t\t\t\t\t\t\t\t\t\t<\/div>\n\t\t\t\t\t\t<\/div>\n\t\t\t\t<\/div>\n\t\t\t\t<div class=\"elementor-element elementor-element-6a52b7bf elementor-widget elementor-widget-text-editor\" data-id=\"6a52b7bf\" data-element_type=\"widget\" data-widget_type=\"text-editor.default\">\n\t\t\t\t<div class=\"elementor-widget-container\">\n\t\t\t\t\t\t\t\t<div class=\"elementor-text-editor elementor-clearfix\">\n\t\t\t\t<p><strong>06 88 60 91 96 &#8211; <a href=\"mailto:contact@unbarmanchezmoi.fr\">contact@unbarmanchezmoi.fr<\/a><\/strong><\/p>\t\t\t\t\t<\/div>\n\t\t\t\t\t\t<\/div>\n\t\t\t\t<\/div>\n\t\t\t\t\t\t<\/div>\n\t\t\t\t\t<\/div>\n\t\t<\/div>\n\t\t\t\t\t\t\t\t<\/div>\n\t\t\t\t\t<\/div>\n\t\t<\/section>\n\t\t\t\t\t\t<\/div>\n\t\t\t\t\t\t<\/div>\n\t\t\t\t\t<\/div>\n\t\t","protected":false},"excerpt":{"rendered":"<p>Vous souhaitez organiser un \u00e9v\u00e9nement et \u00eates int\u00e9ress\u00e9 par nos prestations ? N\u2019h\u00e9sitez pas \u00e0 nous contacter pour un devis gratuit : Devis Particulier Devis Mariage Devis Professionnel Nous contacter 06 88 60 91 96 &#8211; contact@unbarmanchezmoi.fr<\/p>\n","protected":false},"author":1,"featured_media":0,"parent":0,"menu_order":0,"comment_status":"closed","ping_status":"closed","template":"","meta":[],"yoast_head":"<!-- This site is optimized with the Yoast SEO plugin v17.4 - https:\/\/yoast.com\/wordpress\/plugins\/seo\/ -->\n<title>Devis gratuit - Un barman chez moi<\/title>\n<meta name=\"robots\" content=\"index, follow, max-snippet:-1, max-image-preview:large, max-video-preview:-1\" \/>\n<link rel=\"canonical\" href=\"https:\/\/unbarmanchezmoi.fr\/index.php\/devis\/\" \/>\n<meta property=\"og:locale\" content=\"en_US\" \/>\n<meta property=\"og:type\" content=\"article\" \/>\n<meta property=\"og:title\" content=\"Devis gratuit - Un barman chez moi\" \/>\n<meta property=\"og:description\" content=\"Vous souhaitez organiser un \u00e9v\u00e9nement et \u00eates int\u00e9ress\u00e9 par nos prestations ? N\u2019h\u00e9sitez pas \u00e0 nous contacter pour un devis gratuit : Devis Particulier Devis Mariage Devis Professionnel Nous contacter 06 88 60 91 96 &#8211; contact@unbarmanchezmoi.fr\" \/>\n<meta property=\"og:url\" content=\"https:\/\/unbarmanchezmoi.fr\/index.php\/devis\/\" \/>\n<meta property=\"og:site_name\" content=\"Un barman chez moi\" \/>\n<meta property=\"article:modified_time\" content=\"2024-01-16T09:39:57+00:00\" \/>\n<meta property=\"og:image\" content=\"http:\/\/unbarmanchezmoi.fr\/wp-content\/uploads\/2019\/09\/logo-un-barmanchezmoi-150x150.png\" \/>\n<meta name=\"twitter:card\" content=\"summary_large_image\" \/>\n<meta name=\"twitter:label1\" content=\"Est. reading time\" \/>\n\t<meta name=\"twitter:data1\" content=\"1 minute\" \/>\n<script type=\"application\/ld+json\" class=\"yoast-schema-graph\">{\"@context\":\"https:\/\/schema.org\",\"@graph\":[{\"@type\":\"WebSite\",\"@id\":\"https:\/\/unbarmanchezmoi.fr\/#website\",\"url\":\"https:\/\/unbarmanchezmoi.fr\/\",\"name\":\"Un barman chez moi\",\"description\":\"Barman \\u00e0 domicile et \\u00e9v\\u00e8nementiel\",\"potentialAction\":[{\"@type\":\"SearchAction\",\"target\":{\"@type\":\"EntryPoint\",\"urlTemplate\":\"https:\/\/unbarmanchezmoi.fr\/?s={search_term_string}\"},\"query-input\":\"required name=search_term_string\"}],\"inLanguage\":\"en-US\"},{\"@type\":\"ImageObject\",\"@id\":\"https:\/\/unbarmanchezmoi.fr\/index.php\/devis\/#primaryimage\",\"inLanguage\":\"en-US\",\"url\":\"http:\/\/unbarmanchezmoi.fr\/wp-content\/uploads\/2019\/09\/logo-un-barmanchezmoi-150x150.png\",\"contentUrl\":\"http:\/\/unbarmanchezmoi.fr\/wp-content\/uploads\/2019\/09\/logo-un-barmanchezmoi-150x150.png\"},{\"@type\":\"WebPage\",\"@id\":\"https:\/\/unbarmanchezmoi.fr\/index.php\/devis\/#webpage\",\"url\":\"https:\/\/unbarmanchezmoi.fr\/index.php\/devis\/\",\"name\":\"Devis gratuit - Un barman chez moi\",\"isPartOf\":{\"@id\":\"https:\/\/unbarmanchezmoi.fr\/#website\"},\"primaryImageOfPage\":{\"@id\":\"https:\/\/unbarmanchezmoi.fr\/index.php\/devis\/#primaryimage\"},\"datePublished\":\"2019-09-13T07:55:21+00:00\",\"dateModified\":\"2024-01-16T09:39:57+00:00\",\"breadcrumb\":{\"@id\":\"https:\/\/unbarmanchezmoi.fr\/index.php\/devis\/#breadcrumb\"},\"inLanguage\":\"en-US\",\"potentialAction\":[{\"@type\":\"ReadAction\",\"target\":[\"https:\/\/unbarmanchezmoi.fr\/index.php\/devis\/\"]}]},{\"@type\":\"BreadcrumbList\",\"@id\":\"https:\/\/unbarmanchezmoi.fr\/index.php\/devis\/#breadcrumb\",\"itemListElement\":[{\"@type\":\"ListItem\",\"position\":1,\"name\":\"Home\",\"item\":\"https:\/\/unbarmanchezmoi.fr\/\"},{\"@type\":\"ListItem\",\"position\":2,\"name\":\"Devis gratuit\"}]}]}<\/script>\n<!-- \/ Yoast SEO plugin. -->","yoast_head_json":{"title":"Devis gratuit - Un barman chez moi","robots":{"index":"index","follow":"follow","max-snippet":"max-snippet:-1","max-image-preview":"max-image-preview:large","max-video-preview":"max-video-preview:-1"},"canonical":"https:\/\/unbarmanchezmoi.fr\/index.php\/devis\/","og_locale":"en_US","og_type":"article","og_title":"Devis gratuit - Un barman chez moi","og_description":"Vous souhaitez organiser un \u00e9v\u00e9nement et \u00eates int\u00e9ress\u00e9 par nos prestations ? N\u2019h\u00e9sitez pas \u00e0 nous contacter pour un devis gratuit : Devis Particulier Devis Mariage Devis Professionnel Nous contacter 06 88 60 91 96 &#8211; contact@unbarmanchezmoi.fr","og_url":"https:\/\/unbarmanchezmoi.fr\/index.php\/devis\/","og_site_name":"Un barman chez moi","article_modified_time":"2024-01-16T09:39:57+00:00","og_image":[{"url":"http:\/\/unbarmanchezmoi.fr\/wp-content\/uploads\/2019\/09\/logo-un-barmanchezmoi-150x150.png"}],"twitter_card":"summary_large_image","twitter_misc":{"Est. reading time":"1 minute"},"schema":{"@context":"https:\/\/schema.org","@graph":[{"@type":"WebSite","@id":"https:\/\/unbarmanchezmoi.fr\/#website","url":"https:\/\/unbarmanchezmoi.fr\/","name":"Un barman chez moi","description":"Barman \u00e0 domicile et \u00e9v\u00e8nementiel","potentialAction":[{"@type":"SearchAction","target":{"@type":"EntryPoint","urlTemplate":"https:\/\/unbarmanchezmoi.fr\/?s={search_term_string}"},"query-input":"required name=search_term_string"}],"inLanguage":"en-US"},{"@type":"ImageObject","@id":"https:\/\/unbarmanchezmoi.fr\/index.php\/devis\/#primaryimage","inLanguage":"en-US","url":"http:\/\/unbarmanchezmoi.fr\/wp-content\/uploads\/2019\/09\/logo-un-barmanchezmoi-150x150.png","contentUrl":"http:\/\/unbarmanchezmoi.fr\/wp-content\/uploads\/2019\/09\/logo-un-barmanchezmoi-150x150.png"},{"@type":"WebPage","@id":"https:\/\/unbarmanchezmoi.fr\/index.php\/devis\/#webpage","url":"https:\/\/unbarmanchezmoi.fr\/index.php\/devis\/","name":"Devis gratuit - Un barman chez moi","isPartOf":{"@id":"https:\/\/unbarmanchezmoi.fr\/#website"},"primaryImageOfPage":{"@id":"https:\/\/unbarmanchezmoi.fr\/index.php\/devis\/#primaryimage"},"datePublished":"2019-09-13T07:55:21+00:00","dateModified":"2024-01-16T09:39:57+00:00","breadcrumb":{"@id":"https:\/\/unbarmanchezmoi.fr\/index.php\/devis\/#breadcrumb"},"inLanguage":"en-US","potentialAction":[{"@type":"ReadAction","target":["https:\/\/unbarmanchezmoi.fr\/index.php\/devis\/"]}]},{"@type":"BreadcrumbList","@id":"https:\/\/unbarmanchezmoi.fr\/index.php\/devis\/#breadcrumb","itemListElement":[{"@type":"ListItem","position":1,"name":"Home","item":"https:\/\/unbarmanchezmoi.fr\/"},{"@type":"ListItem","position":2,"name":"Devis gratuit"}]}]}},"_links":{"self":[{"href":"https:\/\/unbarmanchezmoi.fr\/index.php\/wp-json\/wp\/v2\/pages\/170"}],"collection":[{"href":"https:\/\/unbarmanchezmoi.fr\/index.php\/wp-json\/wp\/v2\/pages"}],"about":[{"href":"https:\/\/unbarmanchezmoi.fr\/index.php\/wp-json\/wp\/v2\/types\/page"}],"author":[{"embeddable":true,"href":"https:\/\/unbarmanchezmoi.fr\/index.php\/wp-json\/wp\/v2\/users\/1"}],"replies":[{"embeddable":true,"href":"https:\/\/unbarmanchezmoi.fr\/index.php\/wp-json\/wp\/v2\/comments?post=170"}],"version-history":[{"count":12,"href":"https:\/\/unbarmanchezmoi.fr\/index.php\/wp-json\/wp\/v2\/pages\/170\/revisions"}],"predecessor-version":[{"id":465,"href":"https:\/\/unbarmanchezmoi.fr\/index.php\/wp-json\/wp\/v2\/pages\/170\/revisions\/465"}],"wp:attachment":[{"href":"https:\/\/unbarmanchezmoi.fr\/index.php\/wp-json\/wp\/v2\/media?parent=170"}],"curies":[{"name":"wp","href":"https:\/\/api.w.org\/{rel}","templated":true}]}}