{"id":287,"date":"2019-09-13T15:13:58","date_gmt":"2019-09-13T13:13:58","guid":{"rendered":"http:\/\/unbarmanchezmoi.fr\/?page_id=287"},"modified":"2019-09-13T15:21:48","modified_gmt":"2019-09-13T13:21:48","slug":"devis-professionnel","status":"publish","type":"page","link":"https:\/\/unbarmanchezmoi.fr\/index.php\/devis-professionnel\/","title":{"rendered":"Devis professionnel"},"content":{"rendered":"\t\t<div data-elementor-type=\"wp-post\" data-elementor-id=\"287\" class=\"elementor elementor-287\" data-elementor-settings=\"[]\">\n\t\t\t\t\t\t<div class=\"elementor-inner\">\n\t\t\t\t\t\t\t<div class=\"elementor-section-wrap\">\n\t\t\t\t\t\t\t<section class=\"elementor-section elementor-top-section elementor-element elementor-element-6d10eae3 elementor-section-boxed elementor-section-height-default elementor-section-height-default\" data-id=\"6d10eae3\" data-element_type=\"section\" data-settings=\"{&quot;background_background&quot;:&quot;classic&quot;}\">\n\t\t\t\t\t\t<div class=\"elementor-container elementor-column-gap-default\">\n\t\t\t\t\t\t\t<div class=\"elementor-row\">\n\t\t\t\t\t<div class=\"elementor-column elementor-col-100 elementor-top-column elementor-element elementor-element-72468f9f\" data-id=\"72468f9f\" data-element_type=\"column\">\n\t\t\t<div class=\"elementor-column-wrap elementor-element-populated\">\n\t\t\t\t\t\t\t<div class=\"elementor-widget-wrap\">\n\t\t\t\t\t\t<div class=\"elementor-element elementor-element-2ebfc1ab elementor-widget elementor-widget-spacer\" data-id=\"2ebfc1ab\" data-element_type=\"widget\" data-widget_type=\"spacer.default\">\n\t\t\t\t<div class=\"elementor-widget-container\">\n\t\t\t\t\t<div class=\"elementor-spacer\">\n\t\t\t<div class=\"elementor-spacer-inner\"><\/div>\n\t\t<\/div>\n\t\t\t\t<\/div>\n\t\t\t\t<\/div>\n\t\t\t\t<div class=\"elementor-element elementor-element-410dd41d elementor-widget elementor-widget-spacer\" data-id=\"410dd41d\" data-element_type=\"widget\" data-widget_type=\"spacer.default\">\n\t\t\t\t<div class=\"elementor-widget-container\">\n\t\t\t\t\t<div class=\"elementor-spacer\">\n\t\t\t<div class=\"elementor-spacer-inner\"><\/div>\n\t\t<\/div>\n\t\t\t\t<\/div>\n\t\t\t\t<\/div>\n\t\t\t\t\t\t<\/div>\n\t\t\t\t\t<\/div>\n\t\t<\/div>\n\t\t\t\t\t\t\t\t<\/div>\n\t\t\t\t\t<\/div>\n\t\t<\/section>\n\t\t\t\t<section class=\"elementor-section elementor-top-section elementor-element elementor-element-5ee831d elementor-section-boxed elementor-section-height-default elementor-section-height-default\" data-id=\"5ee831d\" data-element_type=\"section\">\n\t\t\t\t\t\t<div class=\"elementor-container elementor-column-gap-default\">\n\t\t\t\t\t\t\t<div class=\"elementor-row\">\n\t\t\t\t\t<div class=\"elementor-column elementor-col-100 elementor-top-column elementor-element elementor-element-d917e31\" data-id=\"d917e31\" data-element_type=\"column\">\n\t\t\t<div class=\"elementor-column-wrap elementor-element-populated\">\n\t\t\t\t\t\t\t<div class=\"elementor-widget-wrap\">\n\t\t\t\t\t\t<div class=\"elementor-element elementor-element-e0f460c elementor-widget elementor-widget-wp-widget-frm_show_form\" data-id=\"e0f460c\" data-element_type=\"widget\" data-widget_type=\"wp-widget-frm_show_form.default\">\n\t\t\t\t<div class=\"elementor-widget-container\">\n\t\t\t<div class=\"frm_form_widget\"><h5>Devis professionnel<\/h5><div class=\"frm_forms  with_frm_style frm_style_formidable-style\" id=\"frm_form_3_container\" >\n<form enctype=\"multipart\/form-data\" method=\"post\" class=\"frm-show-form \" id=\"form_contact-form22\"  >\n<div class=\"frm_form_fields \">\n<fieldset>\n<legend class=\"frm_screen_reader\">Devis professionnel<\/legend>\r\n\r\n<div class=\"frm_fields_container\">\n<input type=\"hidden\" name=\"frm_action\" value=\"create\" \/>\n<input type=\"hidden\" name=\"form_id\" value=\"3\" \/>\n<input type=\"hidden\" name=\"frm_hide_fields_3\" id=\"frm_hide_fields_3\" value=\"\" \/>\n<input type=\"hidden\" name=\"form_key\" value=\"contact-form22\" \/>\n<input type=\"hidden\" name=\"item_meta[0]\" value=\"\" \/>\n<input type=\"hidden\" id=\"frm_submit_entry_3\" name=\"frm_submit_entry_3\" value=\"c8d8ad7959\" \/><input type=\"hidden\" name=\"_wp_http_referer\" value=\"\/index.php\/wp-json\/wp\/v2\/pages\/287\" \/><div id=\"frm_field_26_container\" class=\"frm_form_field form-field  frm_required_field frm_top_container\">\r\n    <label for=\"field_smjxa\" id=\"field_smjxa_label\" class=\"frm_primary_label\">Soci\u00e9t\u00e9\r\n        <span class=\"frm_required\">*<\/span>\r\n    <\/label>\r\n    <input type=\"text\" id=\"field_smjxa\" name=\"item_meta[26]\" value=\"\"  data-reqmsg=\"This field cannot be blank.\" aria-required=\"true\" data-invmsg=\"Text is invalid\" aria-invalid=\"false\"  \/>\r\n    \r\n    \r\n<\/div>\n<div id=\"frm_field_19_container\" class=\"frm_form_field form-field  frm_top_container\">\r\n    <label for=\"field_sujfq2\" id=\"field_sujfq2_label\" class=\"frm_primary_label\">Date de l'\u00e9v\u00e9nement\r\n        <span class=\"frm_required\"><\/span>\r\n    <\/label>\r\n    <input type=\"text\" id=\"field_sujfq2\" name=\"item_meta[19]\" value=\"\"  data-invmsg=\"Text is invalid\" aria-invalid=\"false\"  \/>\r\n    \r\n    \r\n<\/div>\n<div id=\"frm_field_20_container\" class=\"frm_form_field form-field  frm_top_container\">\r\n    <label for=\"field_h6loa2\" id=\"field_h6loa2_label\" class=\"frm_primary_label\">Dur\u00e9e de l'\u00e9v\u00e9nement\r\n        <span class=\"frm_required\"><\/span>\r\n    <\/label>\r\n    <input type=\"text\" id=\"field_h6loa2\" name=\"item_meta[20]\" value=\"\"  data-invmsg=\"Text is invalid\" aria-invalid=\"false\"  \/>\r\n    \r\n    \r\n<\/div>\n<div id=\"frm_field_21_container\" class=\"frm_form_field form-field  frm_top_container\">\r\n    <label for=\"field_kjz032\" id=\"field_kjz032_label\" class=\"frm_primary_label\">Lieu de l'\u00e9v\u00e9nement\r\n        <span class=\"frm_required\"><\/span>\r\n    <\/label>\r\n    <input type=\"text\" id=\"field_kjz032\" name=\"item_meta[21]\" value=\"\"  data-invmsg=\"Text is invalid\" aria-invalid=\"false\"  \/>\r\n    \r\n    \r\n<\/div>\n<div id=\"frm_field_22_container\" class=\"frm_form_field form-field  frm_top_container\">\r\n    <label for=\"field_en98\" id=\"field_en98_label\" class=\"frm_primary_label\">Nombre de personnes\r\n        <span class=\"frm_required\"><\/span>\r\n    <\/label>\r\n    <input type=\"text\" id=\"field_en98\" name=\"item_meta[22]\" value=\"\"  data-invmsg=\"Text is invalid\" aria-invalid=\"false\"  \/>\r\n    \r\n    \r\n<\/div>\n<div id=\"frm_field_23_container\" class=\"frm_form_field form-field  frm_required_field frm_top_container\">\r\n    <label for=\"field_wu7qt3\" id=\"field_wu7qt3_label\" class=\"frm_primary_label\">T\u00e9l\u00e9phone\r\n        <span class=\"frm_required\">*<\/span>\r\n    <\/label>\r\n    <input type=\"tel\" id=\"field_wu7qt3\" name=\"item_meta[23]\" value=\"\"  data-reqmsg=\"This field cannot be blank.\" aria-required=\"true\" data-invmsg=\"Phone is invalid\" aria-invalid=\"false\" pattern=\"((\\+\\d{1,3}(-|.| )?\\(?\\d\\)?(-| |.)?\\d{1,5})|(\\(?\\d{2,6}\\)?))(-|.| )?(\\d{3,4})(-|.| )?(\\d{4})(( x| ext)\\d{1,5}){0,1}$\"  \/>\r\n    \r\n    \r\n<\/div>\n<div id=\"frm_field_24_container\" class=\"frm_form_field form-field  frm_required_field frm_top_container frm_full\">\r\n    <label for=\"field_29yf4d3\" id=\"field_29yf4d3_label\" class=\"frm_primary_label\">Email\r\n        <span class=\"frm_required\">*<\/span>\r\n    <\/label>\r\n    <input type=\"email\" id=\"field_29yf4d3\" name=\"item_meta[24]\" value=\"\"  data-reqmsg=\"This field cannot be blank.\" aria-required=\"true\" data-invmsg=\"Please enter a valid email address\" aria-invalid=\"false\"  \/>\r\n    \r\n    \r\n<\/div>\n<div id=\"frm_field_25_container\" class=\"frm_form_field form-field  frm_top_container frm_full\">\r\n    <label for=\"field_9jv0r13\" id=\"field_9jv0r13_label\" class=\"frm_primary_label\">Commentaires\r\n        <span class=\"frm_required\"><\/span>\r\n    <\/label>\r\n    <textarea name=\"item_meta[25]\" id=\"field_9jv0r13\" rows=\"5\"  data-invmsg=\"Commentaires is invalid\" aria-invalid=\"false\"  ><\/textarea>\r\n    \r\n    \r\n<\/div>\n\t<input type=\"hidden\" name=\"item_key\" value=\"\" \/>\n\t\t\t\t<div class=\"frm_verify\" aria-hidden=\"true\">\n\t\t\t\t<label for=\"frm_email_3\">\n\t\t\t\t\tIf you are human, leave this field blank.\t\t\t\t<\/label>\n\t\t\t\t<input type=\"text\" class=\"frm_verify\" id=\"frm_email_3\" name=\"frm_verify\" value=\"\"  \/>\n\t\t\t<\/div>\n\t\t<div class=\"frm_submit\">\r\n\r\n<button class=\"frm_button_submit\" type=\"submit\"  >Envoyer<\/button>\r\n\r\n<\/div><\/div>\n<\/fieldset>\n<\/div>\n<\/form>\n<\/div>\n<\/div>\t\t<\/div>\n\t\t\t\t<\/div>\n\t\t\t\t\t\t<\/div>\n\t\t\t\t\t<\/div>\n\t\t<\/div>\n\t\t\t\t\t\t\t\t<\/div>\n\t\t\t\t\t<\/div>\n\t\t<\/section>\n\t\t\t\t<section class=\"elementor-section elementor-top-section elementor-element elementor-element-5af05d5b elementor-section-boxed elementor-section-height-default elementor-section-height-default\" data-id=\"5af05d5b\" data-element_type=\"section\" data-settings=\"{&quot;shape_divider_top&quot;:&quot;arrow&quot;}\">\n\t\t\t\t\t<div class=\"elementor-shape elementor-shape-top\" data-negative=\"false\">\n\t\t\t<svg xmlns=\"http:\/\/www.w3.org\/2000\/svg\" viewBox=\"0 0 700 10\" preserveAspectRatio=\"none\">\n\t<path class=\"elementor-shape-fill\" d=\"M350,10L340,0h20L350,10z\"\/>\n<\/svg>\t\t<\/div>\n\t\t\t\t\t<div class=\"elementor-container elementor-column-gap-default\">\n\t\t\t\t\t\t\t<div class=\"elementor-row\">\n\t\t\t\t\t<div class=\"elementor-column elementor-col-100 elementor-top-column elementor-element elementor-element-15bf61b1\" data-id=\"15bf61b1\" data-element_type=\"column\">\n\t\t\t<div class=\"elementor-column-wrap elementor-element-populated\">\n\t\t\t\t\t\t\t<div class=\"elementor-widget-wrap\">\n\t\t\t\t\t\t<div class=\"elementor-element elementor-element-5fb81dc8 elementor-widget elementor-widget-heading\" data-id=\"5fb81dc8\" data-element_type=\"widget\" data-widget_type=\"heading.default\">\n\t\t\t\t<div class=\"elementor-widget-container\">\n\t\t\t<h2 class=\"elementor-heading-title elementor-size-default\">Nous contacter<\/h2>\t\t<\/div>\n\t\t\t\t<\/div>\n\t\t\t\t<div class=\"elementor-element elementor-element-2a3712d6 elementor-widget elementor-widget-image\" data-id=\"2a3712d6\" data-element_type=\"widget\" data-widget_type=\"image.default\">\n\t\t\t\t<div class=\"elementor-widget-container\">\n\t\t\t\t\t\t\t\t<div class=\"elementor-image\">\n\t\t\t\t\t\t\t\t\t\t\t\t<img width=\"150\" height=\"150\" src=\"https:\/\/unbarmanchezmoi.fr\/wp-content\/uploads\/2019\/09\/logo-un-barmanchezmoi-150x150.png\" class=\"attachment-thumbnail size-thumbnail\" alt=\"\" loading=\"lazy\" srcset=\"https:\/\/unbarmanchezmoi.fr\/wp-content\/uploads\/2019\/09\/logo-un-barmanchezmoi-150x150.png 150w, https:\/\/unbarmanchezmoi.fr\/wp-content\/uploads\/2019\/09\/logo-un-barmanchezmoi-400x400.png 400w\" sizes=\"(max-width: 150px) 100vw, 150px\" \/>\t\t\t\t\t\t\t\t\t\t\t\t\t\t<\/div>\n\t\t\t\t\t\t<\/div>\n\t\t\t\t<\/div>\n\t\t\t\t<div class=\"elementor-element elementor-element-4742fd60 elementor-widget elementor-widget-text-editor\" data-id=\"4742fd60\" data-element_type=\"widget\" data-widget_type=\"text-editor.default\">\n\t\t\t\t<div class=\"elementor-widget-container\">\n\t\t\t\t\t\t\t\t<div class=\"elementor-text-editor elementor-clearfix\">\n\t\t\t\t<p><strong>06 88 60 91 96 &#8211; <a href=\"mailto:contact@unbarmanchezmoi.fr\">contact@unbarmanchezmoi.fr<\/a><\/strong><br \/>91800 Brunoy<\/p>\t\t\t\t\t<\/div>\n\t\t\t\t\t\t<\/div>\n\t\t\t\t<\/div>\n\t\t\t\t\t\t<\/div>\n\t\t\t\t\t<\/div>\n\t\t<\/div>\n\t\t\t\t\t\t\t\t<\/div>\n\t\t\t\t\t<\/div>\n\t\t<\/section>\n\t\t\t\t\t\t<\/div>\n\t\t\t\t\t\t<\/div>\n\t\t\t\t\t<\/div>\n\t\t","protected":false},"excerpt":{"rendered":"<p>Nous contacter 06 88 60 91 96 &#8211; contact@unbarmanchezmoi.fr91800 Brunoy<\/p>\n","protected":false},"author":1,"featured_media":0,"parent":0,"menu_order":0,"comment_status":"closed","ping_status":"closed","template":"","meta":[],"yoast_head":"<!-- This site is optimized with the Yoast SEO plugin v17.4 - https:\/\/yoast.com\/wordpress\/plugins\/seo\/ -->\n<title>Devis professionnel - Un barman chez moi<\/title>\n<meta name=\"robots\" content=\"index, follow, max-snippet:-1, max-image-preview:large, max-video-preview:-1\" \/>\n<link rel=\"canonical\" href=\"https:\/\/unbarmanchezmoi.fr\/index.php\/devis-professionnel\/\" \/>\n<meta property=\"og:locale\" content=\"en_US\" \/>\n<meta property=\"og:type\" content=\"article\" \/>\n<meta property=\"og:title\" content=\"Devis professionnel - Un barman chez moi\" \/>\n<meta property=\"og:description\" content=\"Nous contacter 06 88 60 91 96 &#8211; contact@unbarmanchezmoi.fr91800 Brunoy\" \/>\n<meta property=\"og:url\" content=\"https:\/\/unbarmanchezmoi.fr\/index.php\/devis-professionnel\/\" \/>\n<meta property=\"og:site_name\" content=\"Un barman chez moi\" \/>\n<meta property=\"article:modified_time\" content=\"2019-09-13T13:21:48+00:00\" \/>\n<meta property=\"og:image\" content=\"http:\/\/unbarmanchezmoi.fr\/wp-content\/uploads\/2019\/09\/logo-un-barmanchezmoi-150x150.png\" \/>\n<meta name=\"twitter:card\" content=\"summary_large_image\" \/>\n<script type=\"application\/ld+json\" class=\"yoast-schema-graph\">{\"@context\":\"https:\/\/schema.org\",\"@graph\":[{\"@type\":\"WebSite\",\"@id\":\"https:\/\/unbarmanchezmoi.fr\/#website\",\"url\":\"https:\/\/unbarmanchezmoi.fr\/\",\"name\":\"Un barman chez moi\",\"description\":\"Barman \\u00e0 domicile et \\u00e9v\\u00e8nementiel\",\"potentialAction\":[{\"@type\":\"SearchAction\",\"target\":{\"@type\":\"EntryPoint\",\"urlTemplate\":\"https:\/\/unbarmanchezmoi.fr\/?s={search_term_string}\"},\"query-input\":\"required name=search_term_string\"}],\"inLanguage\":\"en-US\"},{\"@type\":\"ImageObject\",\"@id\":\"https:\/\/unbarmanchezmoi.fr\/index.php\/devis-professionnel\/#primaryimage\",\"inLanguage\":\"en-US\",\"url\":\"http:\/\/unbarmanchezmoi.fr\/wp-content\/uploads\/2019\/09\/logo-un-barmanchezmoi-150x150.png\",\"contentUrl\":\"http:\/\/unbarmanchezmoi.fr\/wp-content\/uploads\/2019\/09\/logo-un-barmanchezmoi-150x150.png\"},{\"@type\":\"WebPage\",\"@id\":\"https:\/\/unbarmanchezmoi.fr\/index.php\/devis-professionnel\/#webpage\",\"url\":\"https:\/\/unbarmanchezmoi.fr\/index.php\/devis-professionnel\/\",\"name\":\"Devis professionnel - Un barman chez moi\",\"isPartOf\":{\"@id\":\"https:\/\/unbarmanchezmoi.fr\/#website\"},\"primaryImageOfPage\":{\"@id\":\"https:\/\/unbarmanchezmoi.fr\/index.php\/devis-professionnel\/#primaryimage\"},\"datePublished\":\"2019-09-13T13:13:58+00:00\",\"dateModified\":\"2019-09-13T13:21:48+00:00\",\"breadcrumb\":{\"@id\":\"https:\/\/unbarmanchezmoi.fr\/index.php\/devis-professionnel\/#breadcrumb\"},\"inLanguage\":\"en-US\",\"potentialAction\":[{\"@type\":\"ReadAction\",\"target\":[\"https:\/\/unbarmanchezmoi.fr\/index.php\/devis-professionnel\/\"]}]},{\"@type\":\"BreadcrumbList\",\"@id\":\"https:\/\/unbarmanchezmoi.fr\/index.php\/devis-professionnel\/#breadcrumb\",\"itemListElement\":[{\"@type\":\"ListItem\",\"position\":1,\"name\":\"Home\",\"item\":\"https:\/\/unbarmanchezmoi.fr\/\"},{\"@type\":\"ListItem\",\"position\":2,\"name\":\"Devis professionnel\"}]}]}<\/script>\n<!-- \/ Yoast SEO plugin. -->","yoast_head_json":{"title":"Devis professionnel - Un barman chez moi","robots":{"index":"index","follow":"follow","max-snippet":"max-snippet:-1","max-image-preview":"max-image-preview:large","max-video-preview":"max-video-preview:-1"},"canonical":"https:\/\/unbarmanchezmoi.fr\/index.php\/devis-professionnel\/","og_locale":"en_US","og_type":"article","og_title":"Devis professionnel - Un barman chez moi","og_description":"Nous contacter 06 88 60 91 96 &#8211; contact@unbarmanchezmoi.fr91800 Brunoy","og_url":"https:\/\/unbarmanchezmoi.fr\/index.php\/devis-professionnel\/","og_site_name":"Un barman chez moi","article_modified_time":"2019-09-13T13:21:48+00:00","og_image":[{"url":"http:\/\/unbarmanchezmoi.fr\/wp-content\/uploads\/2019\/09\/logo-un-barmanchezmoi-150x150.png"}],"twitter_card":"summary_large_image","schema":{"@context":"https:\/\/schema.org","@graph":[{"@type":"WebSite","@id":"https:\/\/unbarmanchezmoi.fr\/#website","url":"https:\/\/unbarmanchezmoi.fr\/","name":"Un barman chez moi","description":"Barman \u00e0 domicile et \u00e9v\u00e8nementiel","potentialAction":[{"@type":"SearchAction","target":{"@type":"EntryPoint","urlTemplate":"https:\/\/unbarmanchezmoi.fr\/?s={search_term_string}"},"query-input":"required name=search_term_string"}],"inLanguage":"en-US"},{"@type":"ImageObject","@id":"https:\/\/unbarmanchezmoi.fr\/index.php\/devis-professionnel\/#primaryimage","inLanguage":"en-US","url":"http:\/\/unbarmanchezmoi.fr\/wp-content\/uploads\/2019\/09\/logo-un-barmanchezmoi-150x150.png","contentUrl":"http:\/\/unbarmanchezmoi.fr\/wp-content\/uploads\/2019\/09\/logo-un-barmanchezmoi-150x150.png"},{"@type":"WebPage","@id":"https:\/\/unbarmanchezmoi.fr\/index.php\/devis-professionnel\/#webpage","url":"https:\/\/unbarmanchezmoi.fr\/index.php\/devis-professionnel\/","name":"Devis professionnel - Un barman chez moi","isPartOf":{"@id":"https:\/\/unbarmanchezmoi.fr\/#website"},"primaryImageOfPage":{"@id":"https:\/\/unbarmanchezmoi.fr\/index.php\/devis-professionnel\/#primaryimage"},"datePublished":"2019-09-13T13:13:58+00:00","dateModified":"2019-09-13T13:21:48+00:00","breadcrumb":{"@id":"https:\/\/unbarmanchezmoi.fr\/index.php\/devis-professionnel\/#breadcrumb"},"inLanguage":"en-US","potentialAction":[{"@type":"ReadAction","target":["https:\/\/unbarmanchezmoi.fr\/index.php\/devis-professionnel\/"]}]},{"@type":"BreadcrumbList","@id":"https:\/\/unbarmanchezmoi.fr\/index.php\/devis-professionnel\/#breadcrumb","itemListElement":[{"@type":"ListItem","position":1,"name":"Home","item":"https:\/\/unbarmanchezmoi.fr\/"},{"@type":"ListItem","position":2,"name":"Devis professionnel"}]}]}},"_links":{"self":[{"href":"https:\/\/unbarmanchezmoi.fr\/index.php\/wp-json\/wp\/v2\/pages\/287"}],"collection":[{"href":"https:\/\/unbarmanchezmoi.fr\/index.php\/wp-json\/wp\/v2\/pages"}],"about":[{"href":"https:\/\/unbarmanchezmoi.fr\/index.php\/wp-json\/wp\/v2\/types\/page"}],"author":[{"embeddable":true,"href":"https:\/\/unbarmanchezmoi.fr\/index.php\/wp-json\/wp\/v2\/users\/1"}],"replies":[{"embeddable":true,"href":"https:\/\/unbarmanchezmoi.fr\/index.php\/wp-json\/wp\/v2\/comments?post=287"}],"version-history":[{"count":4,"href":"https:\/\/unbarmanchezmoi.fr\/index.php\/wp-json\/wp\/v2\/pages\/287\/revisions"}],"predecessor-version":[{"id":291,"href":"https:\/\/unbarmanchezmoi.fr\/index.php\/wp-json\/wp\/v2\/pages\/287\/revisions\/291"}],"wp:attachment":[{"href":"https:\/\/unbarmanchezmoi.fr\/index.php\/wp-json\/wp\/v2\/media?parent=287"}],"curies":[{"name":"wp","href":"https:\/\/api.w.org\/{rel}","templated":true}]}}