{"id":83,"date":"2019-09-02T16:08:55","date_gmt":"2019-09-02T14:08:55","guid":{"rendered":"http:\/\/unbarmanchezmoi.fr\/?page_id=83"},"modified":"2019-09-13T16:20:29","modified_gmt":"2019-09-13T14:20:29","slug":"evenement-prive","status":"publish","type":"page","link":"https:\/\/unbarmanchezmoi.fr\/index.php\/evenement-prive\/","title":{"rendered":"\u00c9v\u00e9nement priv\u00e9"},"content":{"rendered":"\t\t<div data-elementor-type=\"wp-post\" data-elementor-id=\"83\" class=\"elementor elementor-83\" data-elementor-settings=\"[]\">\n\t\t\t\t\t\t<div class=\"elementor-inner\">\n\t\t\t\t\t\t\t<div class=\"elementor-section-wrap\">\n\t\t\t\t\t\t\t<section class=\"elementor-section elementor-top-section elementor-element elementor-element-2e6b94af elementor-section-boxed elementor-section-height-default elementor-section-height-default\" data-id=\"2e6b94af\" data-element_type=\"section\" data-settings=\"{&quot;shape_divider_top&quot;:&quot;arrow&quot;,&quot;background_background&quot;:&quot;classic&quot;}\">\n\t\t\t\t\t<div class=\"elementor-shape elementor-shape-top\" data-negative=\"false\">\n\t\t\t<svg xmlns=\"http:\/\/www.w3.org\/2000\/svg\" viewBox=\"0 0 700 10\" preserveAspectRatio=\"none\">\n\t<path class=\"elementor-shape-fill\" d=\"M350,10L340,0h20L350,10z\"\/>\n<\/svg>\t\t<\/div>\n\t\t\t\t\t<div class=\"elementor-container elementor-column-gap-default\">\n\t\t\t\t\t\t\t<div class=\"elementor-row\">\n\t\t\t\t\t<div class=\"elementor-column elementor-col-100 elementor-top-column elementor-element elementor-element-264aa10c\" data-id=\"264aa10c\" data-element_type=\"column\">\n\t\t\t<div class=\"elementor-column-wrap elementor-element-populated\">\n\t\t\t\t\t\t\t<div class=\"elementor-widget-wrap\">\n\t\t\t\t\t\t<div class=\"elementor-element elementor-element-12a98e39 elementor-widget elementor-widget-spacer\" data-id=\"12a98e39\" data-element_type=\"widget\" data-widget_type=\"spacer.default\">\n\t\t\t\t<div class=\"elementor-widget-container\">\n\t\t\t\t\t<div class=\"elementor-spacer\">\n\t\t\t<div class=\"elementor-spacer-inner\"><\/div>\n\t\t<\/div>\n\t\t\t\t<\/div>\n\t\t\t\t<\/div>\n\t\t\t\t<div class=\"elementor-element elementor-element-71ebe76 elementor-widget elementor-widget-heading\" data-id=\"71ebe76\" data-element_type=\"widget\" data-widget_type=\"heading.default\">\n\t\t\t\t<div class=\"elementor-widget-container\">\n\t\t\t<h2 class=\"elementor-heading-title elementor-size-default\">Ev\u00e9nement priv\u00e9<\/h2>\t\t<\/div>\n\t\t\t\t<\/div>\n\t\t\t\t<div class=\"elementor-element elementor-element-7e476ec elementor-arrows-position-inside elementor-pagination-position-outside elementor-widget elementor-widget-image-carousel\" data-id=\"7e476ec\" data-element_type=\"widget\" data-settings=\"{&quot;slides_to_show&quot;:&quot;2&quot;,&quot;navigation&quot;:&quot;both&quot;,&quot;autoplay&quot;:&quot;yes&quot;,&quot;pause_on_hover&quot;:&quot;yes&quot;,&quot;pause_on_interaction&quot;:&quot;yes&quot;,&quot;autoplay_speed&quot;:5000,&quot;infinite&quot;:&quot;yes&quot;,&quot;speed&quot;:500}\" data-widget_type=\"image-carousel.default\">\n\t\t\t\t<div class=\"elementor-widget-container\">\n\t\t\t\t\t<div class=\"elementor-image-carousel-wrapper swiper-container\" dir=\"ltr\">\n\t\t\t<div class=\"elementor-image-carousel swiper-wrapper\">\n\t\t\t\t\t\t\t\t<div class=\"swiper-slide\"><figure class=\"swiper-slide-inner\"><img class=\"swiper-slide-image\" src=\"https:\/\/unbarmanchezmoi.fr\/wp-content\/uploads\/2019\/09\/privees4-480x400.jpg\" alt=\"privees4\" \/><\/figure><\/div><div class=\"swiper-slide\"><figure class=\"swiper-slide-inner\"><img class=\"swiper-slide-image\" src=\"https:\/\/unbarmanchezmoi.fr\/wp-content\/uploads\/2019\/09\/prive2-1-480x400.jpg\" alt=\"prive2\" \/><\/figure><\/div><div class=\"swiper-slide\"><figure class=\"swiper-slide-inner\"><img class=\"swiper-slide-image\" src=\"https:\/\/unbarmanchezmoi.fr\/wp-content\/uploads\/2019\/09\/privee1-480x400.jpg\" alt=\"privee1\" \/><\/figure><\/div><div class=\"swiper-slide\"><figure class=\"swiper-slide-inner\"><img class=\"swiper-slide-image\" src=\"https:\/\/unbarmanchezmoi.fr\/wp-content\/uploads\/2019\/09\/barman-de-dos-480x400.jpg\" alt=\"barman-de-dos\" \/><\/figure><\/div><div class=\"swiper-slide\"><figure class=\"swiper-slide-inner\"><img class=\"swiper-slide-image\" src=\"https:\/\/unbarmanchezmoi.fr\/wp-content\/uploads\/2019\/09\/prive2-480x400.jpg\" alt=\"prive2\" \/><\/figure><\/div>\t\t\t<\/div>\n\t\t\t\t\t\t\t\t\t\t\t\t<div class=\"swiper-pagination\"><\/div>\n\t\t\t\t\t\t\t\t\t\t\t\t\t<div class=\"elementor-swiper-button elementor-swiper-button-prev\">\n\t\t\t\t\t\t<i class=\"eicon-chevron-left\" aria-hidden=\"true\"><\/i>\n\t\t\t\t\t\t<span class=\"elementor-screen-only\">Previous<\/span>\n\t\t\t\t\t<\/div>\n\t\t\t\t\t<div class=\"elementor-swiper-button elementor-swiper-button-next\">\n\t\t\t\t\t\t<i class=\"eicon-chevron-right\" aria-hidden=\"true\"><\/i>\n\t\t\t\t\t\t<span class=\"elementor-screen-only\">Next<\/span>\n\t\t\t\t\t<\/div>\n\t\t\t\t\t\t\t\t\t<\/div>\n\t\t\t\t<\/div>\n\t\t\t\t<\/div>\n\t\t\t\t<div class=\"elementor-element elementor-element-3ebe623a elementor-widget elementor-widget-text-editor\" data-id=\"3ebe623a\" data-element_type=\"widget\" data-widget_type=\"text-editor.default\">\n\t\t\t\t<div class=\"elementor-widget-container\">\n\t\t\t\t\t\t\t\t<div class=\"elementor-text-editor elementor-clearfix\">\n\t\t\t\t<p>Mariage, anniversaire, cr\u00e9maill\u00e8re, soir\u00e9e \u00e0 th\u00e8me.<br \/>Ambiance assur\u00e9e, cocktail qui prend feu, Flair, neige carbonique&#8230;<\/p>\t\t\t\t\t<\/div>\n\t\t\t\t\t\t<\/div>\n\t\t\t\t<\/div>\n\t\t\t\t<div class=\"elementor-element elementor-element-76cbd6cf elementor-align-center elementor-mobile-align-center elementor-widget elementor-widget-button\" data-id=\"76cbd6cf\" data-element_type=\"widget\" data-widget_type=\"button.default\">\n\t\t\t\t<div class=\"elementor-widget-container\">\n\t\t\t\t\t<div class=\"elementor-button-wrapper\">\n\t\t\t<a href=\"http:\/\/unbarmanchezmoi.fr\/index.php\/devis-particulier\/\" class=\"elementor-button-link elementor-button elementor-size-lg\" role=\"button\">\n\t\t\t\t\t\t<span class=\"elementor-button-content-wrapper\">\n\t\t\t\t\t\t<span class=\"elementor-button-text\">Devis gratuit<\/span>\n\t\t<\/span>\n\t\t\t\t\t<\/a>\n\t\t<\/div>\n\t\t\t\t<\/div>\n\t\t\t\t<\/div>\n\t\t\t\t<div class=\"elementor-element elementor-element-4a14c76 elementor-widget elementor-widget-spacer\" data-id=\"4a14c76\" data-element_type=\"widget\" data-widget_type=\"spacer.default\">\n\t\t\t\t<div class=\"elementor-widget-container\">\n\t\t\t\t\t<div class=\"elementor-spacer\">\n\t\t\t<div class=\"elementor-spacer-inner\"><\/div>\n\t\t<\/div>\n\t\t\t\t<\/div>\n\t\t\t\t<\/div>\n\t\t\t\t\t\t<\/div>\n\t\t\t\t\t<\/div>\n\t\t<\/div>\n\t\t\t\t\t\t\t\t<\/div>\n\t\t\t\t\t<\/div>\n\t\t<\/section>\n\t\t\t\t<section class=\"elementor-section elementor-top-section elementor-element elementor-element-3539f5dd elementor-section-boxed elementor-section-height-default elementor-section-height-default\" data-id=\"3539f5dd\" data-element_type=\"section\" data-settings=\"{&quot;shape_divider_top&quot;:&quot;arrow&quot;}\">\n\t\t\t\t\t<div class=\"elementor-shape elementor-shape-top\" data-negative=\"false\">\n\t\t\t<svg xmlns=\"http:\/\/www.w3.org\/2000\/svg\" viewBox=\"0 0 700 10\" preserveAspectRatio=\"none\">\n\t<path class=\"elementor-shape-fill\" d=\"M350,10L340,0h20L350,10z\"\/>\n<\/svg>\t\t<\/div>\n\t\t\t\t\t<div class=\"elementor-container elementor-column-gap-default\">\n\t\t\t\t\t\t\t<div class=\"elementor-row\">\n\t\t\t\t\t<div class=\"elementor-column elementor-col-100 elementor-top-column elementor-element elementor-element-5d67b266\" data-id=\"5d67b266\" data-element_type=\"column\">\n\t\t\t<div class=\"elementor-column-wrap elementor-element-populated\">\n\t\t\t\t\t\t\t<div class=\"elementor-widget-wrap\">\n\t\t\t\t\t\t<div class=\"elementor-element elementor-element-1f9b2590 elementor-widget elementor-widget-heading\" data-id=\"1f9b2590\" data-element_type=\"widget\" data-widget_type=\"heading.default\">\n\t\t\t\t<div class=\"elementor-widget-container\">\n\t\t\t<h2 class=\"elementor-heading-title elementor-size-default\">Nous contacter<\/h2>\t\t<\/div>\n\t\t\t\t<\/div>\n\t\t\t\t<div class=\"elementor-element elementor-element-9698be9 elementor-widget elementor-widget-image\" data-id=\"9698be9\" data-element_type=\"widget\" data-widget_type=\"image.default\">\n\t\t\t\t<div class=\"elementor-widget-container\">\n\t\t\t\t\t\t\t\t<div class=\"elementor-image\">\n\t\t\t\t\t\t\t\t\t\t\t\t<img width=\"150\" height=\"150\" src=\"https:\/\/unbarmanchezmoi.fr\/wp-content\/uploads\/2019\/09\/logo-un-barmanchezmoi-150x150.png\" class=\"attachment-thumbnail size-thumbnail\" alt=\"\" loading=\"lazy\" srcset=\"https:\/\/unbarmanchezmoi.fr\/wp-content\/uploads\/2019\/09\/logo-un-barmanchezmoi-150x150.png 150w, https:\/\/unbarmanchezmoi.fr\/wp-content\/uploads\/2019\/09\/logo-un-barmanchezmoi-400x400.png 400w\" sizes=\"(max-width: 150px) 100vw, 150px\" \/>\t\t\t\t\t\t\t\t\t\t\t\t\t\t<\/div>\n\t\t\t\t\t\t<\/div>\n\t\t\t\t<\/div>\n\t\t\t\t<div class=\"elementor-element elementor-element-4adb0633 elementor-widget elementor-widget-text-editor\" data-id=\"4adb0633\" data-element_type=\"widget\" data-widget_type=\"text-editor.default\">\n\t\t\t\t<div class=\"elementor-widget-container\">\n\t\t\t\t\t\t\t\t<div class=\"elementor-text-editor elementor-clearfix\">\n\t\t\t\t<p><strong>06 88 60 91 96 &#8211; <a href=\"mailto:contact@unbarmanchezmoi.fr\">contact@unbarmanchezmoi.fr&nbsp;<\/a><\/strong><br>&nbsp;91800 Brunoy<\/p>\t\t\t\t\t<\/div>\n\t\t\t\t\t\t<\/div>\n\t\t\t\t<\/div>\n\t\t\t\t\t\t<\/div>\n\t\t\t\t\t<\/div>\n\t\t<\/div>\n\t\t\t\t\t\t\t\t<\/div>\n\t\t\t\t\t<\/div>\n\t\t<\/section>\n\t\t\t\t\t\t<\/div>\n\t\t\t\t\t\t<\/div>\n\t\t\t\t\t<\/div>\n\t\t","protected":false},"excerpt":{"rendered":"<p>Ev\u00e9nement priv\u00e9 Mariage, anniversaire, cr\u00e9maill\u00e8re, soir\u00e9e \u00e0 th\u00e8me.Ambiance assur\u00e9e, cocktail qui prend feu, Flair, neige carbonique&#8230; Devis gratuit Nous contacter 06 88 60 91 96 &#8211; contact@unbarmanchezmoi.fr&nbsp;&nbsp;91800 Brunoy<\/p>\n","protected":false},"author":1,"featured_media":0,"parent":0,"menu_order":0,"comment_status":"closed","ping_status":"closed","template":"","meta":[],"yoast_head":"<!-- This site is optimized with the Yoast SEO plugin v17.4 - https:\/\/yoast.com\/wordpress\/plugins\/seo\/ -->\n<title>\u00c9v\u00e9nement priv\u00e9 - Un barman chez moi<\/title>\n<meta name=\"robots\" content=\"index, follow, max-snippet:-1, max-image-preview:large, max-video-preview:-1\" \/>\n<link rel=\"canonical\" href=\"https:\/\/unbarmanchezmoi.fr\/index.php\/evenement-prive\/\" \/>\n<meta property=\"og:locale\" content=\"en_US\" \/>\n<meta property=\"og:type\" content=\"article\" \/>\n<meta property=\"og:title\" content=\"\u00c9v\u00e9nement priv\u00e9 - Un barman chez moi\" \/>\n<meta property=\"og:description\" content=\"Ev\u00e9nement priv\u00e9 Mariage, anniversaire, cr\u00e9maill\u00e8re, soir\u00e9e \u00e0 th\u00e8me.Ambiance assur\u00e9e, cocktail qui prend feu, Flair, neige carbonique&#8230; Devis gratuit Nous contacter 06 88 60 91 96 &#8211; contact@unbarmanchezmoi.fr&nbsp;&nbsp;91800 Brunoy\" \/>\n<meta property=\"og:url\" content=\"https:\/\/unbarmanchezmoi.fr\/index.php\/evenement-prive\/\" \/>\n<meta property=\"og:site_name\" content=\"Un barman chez moi\" \/>\n<meta property=\"article:modified_time\" content=\"2019-09-13T14:20:29+00:00\" \/>\n<meta property=\"og:image\" content=\"http:\/\/unbarmanchezmoi.fr\/wp-content\/uploads\/2019\/09\/privees4-480x400.jpg\" \/>\n<meta name=\"twitter:card\" content=\"summary_large_image\" \/>\n<script type=\"application\/ld+json\" class=\"yoast-schema-graph\">{\"@context\":\"https:\/\/schema.org\",\"@graph\":[{\"@type\":\"WebSite\",\"@id\":\"https:\/\/unbarmanchezmoi.fr\/#website\",\"url\":\"https:\/\/unbarmanchezmoi.fr\/\",\"name\":\"Un barman chez moi\",\"description\":\"Barman \\u00e0 domicile et \\u00e9v\\u00e8nementiel\",\"potentialAction\":[{\"@type\":\"SearchAction\",\"target\":{\"@type\":\"EntryPoint\",\"urlTemplate\":\"https:\/\/unbarmanchezmoi.fr\/?s={search_term_string}\"},\"query-input\":\"required name=search_term_string\"}],\"inLanguage\":\"en-US\"},{\"@type\":\"ImageObject\",\"@id\":\"https:\/\/unbarmanchezmoi.fr\/index.php\/evenement-prive\/#primaryimage\",\"inLanguage\":\"en-US\",\"url\":\"http:\/\/unbarmanchezmoi.fr\/wp-content\/uploads\/2019\/09\/privees4-480x400.jpg\",\"contentUrl\":\"http:\/\/unbarmanchezmoi.fr\/wp-content\/uploads\/2019\/09\/privees4-480x400.jpg\"},{\"@type\":\"WebPage\",\"@id\":\"https:\/\/unbarmanchezmoi.fr\/index.php\/evenement-prive\/#webpage\",\"url\":\"https:\/\/unbarmanchezmoi.fr\/index.php\/evenement-prive\/\",\"name\":\"\\u00c9v\\u00e9nement priv\\u00e9 - Un barman chez moi\",\"isPartOf\":{\"@id\":\"https:\/\/unbarmanchezmoi.fr\/#website\"},\"primaryImageOfPage\":{\"@id\":\"https:\/\/unbarmanchezmoi.fr\/index.php\/evenement-prive\/#primaryimage\"},\"datePublished\":\"2019-09-02T14:08:55+00:00\",\"dateModified\":\"2019-09-13T14:20:29+00:00\",\"breadcrumb\":{\"@id\":\"https:\/\/unbarmanchezmoi.fr\/index.php\/evenement-prive\/#breadcrumb\"},\"inLanguage\":\"en-US\",\"potentialAction\":[{\"@type\":\"ReadAction\",\"target\":[\"https:\/\/unbarmanchezmoi.fr\/index.php\/evenement-prive\/\"]}]},{\"@type\":\"BreadcrumbList\",\"@id\":\"https:\/\/unbarmanchezmoi.fr\/index.php\/evenement-prive\/#breadcrumb\",\"itemListElement\":[{\"@type\":\"ListItem\",\"position\":1,\"name\":\"Home\",\"item\":\"https:\/\/unbarmanchezmoi.fr\/\"},{\"@type\":\"ListItem\",\"position\":2,\"name\":\"\\u00c9v\\u00e9nement priv\\u00e9\"}]}]}<\/script>\n<!-- \/ Yoast SEO plugin. -->","yoast_head_json":{"title":"\u00c9v\u00e9nement priv\u00e9 - Un barman chez moi","robots":{"index":"index","follow":"follow","max-snippet":"max-snippet:-1","max-image-preview":"max-image-preview:large","max-video-preview":"max-video-preview:-1"},"canonical":"https:\/\/unbarmanchezmoi.fr\/index.php\/evenement-prive\/","og_locale":"en_US","og_type":"article","og_title":"\u00c9v\u00e9nement priv\u00e9 - Un barman chez moi","og_description":"Ev\u00e9nement priv\u00e9 Mariage, anniversaire, cr\u00e9maill\u00e8re, soir\u00e9e \u00e0 th\u00e8me.Ambiance assur\u00e9e, cocktail qui prend feu, Flair, neige carbonique&#8230; Devis gratuit Nous contacter 06 88 60 91 96 &#8211; contact@unbarmanchezmoi.fr&nbsp;&nbsp;91800 Brunoy","og_url":"https:\/\/unbarmanchezmoi.fr\/index.php\/evenement-prive\/","og_site_name":"Un barman chez moi","article_modified_time":"2019-09-13T14:20:29+00:00","og_image":[{"url":"http:\/\/unbarmanchezmoi.fr\/wp-content\/uploads\/2019\/09\/privees4-480x400.jpg"}],"twitter_card":"summary_large_image","schema":{"@context":"https:\/\/schema.org","@graph":[{"@type":"WebSite","@id":"https:\/\/unbarmanchezmoi.fr\/#website","url":"https:\/\/unbarmanchezmoi.fr\/","name":"Un barman chez moi","description":"Barman \u00e0 domicile et \u00e9v\u00e8nementiel","potentialAction":[{"@type":"SearchAction","target":{"@type":"EntryPoint","urlTemplate":"https:\/\/unbarmanchezmoi.fr\/?s={search_term_string}"},"query-input":"required name=search_term_string"}],"inLanguage":"en-US"},{"@type":"ImageObject","@id":"https:\/\/unbarmanchezmoi.fr\/index.php\/evenement-prive\/#primaryimage","inLanguage":"en-US","url":"http:\/\/unbarmanchezmoi.fr\/wp-content\/uploads\/2019\/09\/privees4-480x400.jpg","contentUrl":"http:\/\/unbarmanchezmoi.fr\/wp-content\/uploads\/2019\/09\/privees4-480x400.jpg"},{"@type":"WebPage","@id":"https:\/\/unbarmanchezmoi.fr\/index.php\/evenement-prive\/#webpage","url":"https:\/\/unbarmanchezmoi.fr\/index.php\/evenement-prive\/","name":"\u00c9v\u00e9nement priv\u00e9 - Un barman chez moi","isPartOf":{"@id":"https:\/\/unbarmanchezmoi.fr\/#website"},"primaryImageOfPage":{"@id":"https:\/\/unbarmanchezmoi.fr\/index.php\/evenement-prive\/#primaryimage"},"datePublished":"2019-09-02T14:08:55+00:00","dateModified":"2019-09-13T14:20:29+00:00","breadcrumb":{"@id":"https:\/\/unbarmanchezmoi.fr\/index.php\/evenement-prive\/#breadcrumb"},"inLanguage":"en-US","potentialAction":[{"@type":"ReadAction","target":["https:\/\/unbarmanchezmoi.fr\/index.php\/evenement-prive\/"]}]},{"@type":"BreadcrumbList","@id":"https:\/\/unbarmanchezmoi.fr\/index.php\/evenement-prive\/#breadcrumb","itemListElement":[{"@type":"ListItem","position":1,"name":"Home","item":"https:\/\/unbarmanchezmoi.fr\/"},{"@type":"ListItem","position":2,"name":"\u00c9v\u00e9nement priv\u00e9"}]}]}},"_links":{"self":[{"href":"https:\/\/unbarmanchezmoi.fr\/index.php\/wp-json\/wp\/v2\/pages\/83"}],"collection":[{"href":"https:\/\/unbarmanchezmoi.fr\/index.php\/wp-json\/wp\/v2\/pages"}],"about":[{"href":"https:\/\/unbarmanchezmoi.fr\/index.php\/wp-json\/wp\/v2\/types\/page"}],"author":[{"embeddable":true,"href":"https:\/\/unbarmanchezmoi.fr\/index.php\/wp-json\/wp\/v2\/users\/1"}],"replies":[{"embeddable":true,"href":"https:\/\/unbarmanchezmoi.fr\/index.php\/wp-json\/wp\/v2\/comments?post=83"}],"version-history":[{"count":15,"href":"https:\/\/unbarmanchezmoi.fr\/index.php\/wp-json\/wp\/v2\/pages\/83\/revisions"}],"predecessor-version":[{"id":379,"href":"https:\/\/unbarmanchezmoi.fr\/index.php\/wp-json\/wp\/v2\/pages\/83\/revisions\/379"}],"wp:attachment":[{"href":"https:\/\/unbarmanchezmoi.fr\/index.php\/wp-json\/wp\/v2\/media?parent=83"}],"curies":[{"name":"wp","href":"https:\/\/api.w.org\/{rel}","templated":true}]}}